{"id":4879,"date":"2016-08-11T11:03:50","date_gmt":"2016-08-11T11:03:50","guid":{"rendered":"http:\/\/conceptcosmetics.ro\/beta\/?page_id=4879"},"modified":"2016-08-19T10:50:49","modified_gmt":"2016-08-19T10:50:49","slug":"tratament-pentru-stabilizarea-culorii-linia-color-specifics","status":"publish","type":"page","link":"https:\/\/www.zoneconcept.ro\/index.php\/tratament-pentru-stabilizarea-culorii-linia-color-specifics\/","title":{"rendered":"Tratament pentru stabilizarea culorii"},"content":{"rendered":"<p><b><img loading=\"lazy\" decoding=\"async\" class=\"size-medium wp-image-4799 alignleft\" src=\"http:\/\/conceptcosmetics.ro\/beta\/wp-content\/uploads\/2016\/06\/Color-Specific-image1-300x225.jpg\" alt=\"Color Specific image\" width=\"300\" height=\"225\" srcset=\"https:\/\/www.zoneconcept.ro\/wp-content\/uploads\/2016\/06\/Color-Specific-image1-300x225.jpg 300w, https:\/\/www.zoneconcept.ro\/wp-content\/uploads\/2016\/06\/Color-Specific-image1-58x43.jpg 58w, https:\/\/www.zoneconcept.ro\/wp-content\/uploads\/2016\/06\/Color-Specific-image1-200x150.jpg 200w, https:\/\/www.zoneconcept.ro\/wp-content\/uploads\/2016\/06\/Color-Specific-image1-507x380.jpg 507w, https:\/\/www.zoneconcept.ro\/wp-content\/uploads\/2016\/06\/Color-Specific-image1.jpg 682w\" sizes=\"(max-width: 300px) 100vw, 300px\" \/><\/b><\/p>\n<h3><b>Color\u00a0specifics &#8211; Powerful protector<\/b><br \/>\n<b>Protector de scalp cu aloe vera, 200 ml.<\/b><\/h3>\n<p>Ap\u0103r\u0103 pielea de posibilele irita\u021bii \u0219i erup\u021bii care pot ap\u0103rea \u00een timpul procesului de vopsire \u0219i \/ sau decolorare, previne fixarea petelor de vopsea pe piele. Proteinele din lapte au un efect puternic regenerator asupra structurii p\u0103rului \u00een timp ce glicerina hidrateaz\u0103 p\u0103rul \u0219i pielea. Sucul de aloe vera are un efect calmant \u0219i anti-iritant asupra pielii, \u00een timp ce uleiul de avocado, extrem de hidratant \u0219i bogat \u00een vitaminele A, D \u0219i E, are un efect emolient, cre\u0219te mobilitatea \u0219i delicate\u021bea p\u0103rului. Extractul de mu\u0219e\u021bel are un efect calmant, lini\u0219titor \u0219i emolient \u0219i previne apari\u021bia eventualelor irita\u021bii ale pielii.<\/p>\n<p>&nbsp;<\/p>\n<hr \/>\n<p>&nbsp;<\/p>\n<p>&nbsp;<\/p>\n<h3><b><img loading=\"lazy\" decoding=\"async\" class=\"size-medium wp-image-4799 alignleft\" src=\"http:\/\/conceptcosmetics.ro\/beta\/wp-content\/uploads\/2016\/06\/Color-Specific-image1-300x225.jpg\" alt=\"Color Specific image\" width=\"300\" height=\"225\" srcset=\"https:\/\/www.zoneconcept.ro\/wp-content\/uploads\/2016\/06\/Color-Specific-image1-300x225.jpg 300w, https:\/\/www.zoneconcept.ro\/wp-content\/uploads\/2016\/06\/Color-Specific-image1-58x43.jpg 58w, https:\/\/www.zoneconcept.ro\/wp-content\/uploads\/2016\/06\/Color-Specific-image1-200x150.jpg 200w, https:\/\/www.zoneconcept.ro\/wp-content\/uploads\/2016\/06\/Color-Specific-image1-507x380.jpg 507w, https:\/\/www.zoneconcept.ro\/wp-content\/uploads\/2016\/06\/Color-Specific-image1.jpg 682w\" sizes=\"(max-width: 300px) 100vw, 300px\" \/>Color\u00a0specifics &#8211; Pro color equalizer<br \/>\n<\/b><b>Egalizator de porozitate, 250 ml.<\/b><\/h3>\n<p>Produsul asigur\u0103 omogenizarea \u0219i \u00eent\u0103rirea p\u0103rului \u00eenainte de vopsire, asigur\u00e2nd o colorare uniform\u0103.\u00a0Se bazeaz\u0103 pe tehnologia NanoBiogenius.<br \/>\nProdusul con\u021bine proteine din lapte care au un efect puternic regenerator asupra firului de p\u0103r. Agentul cationic \u00eenl\u0103tur\u0103 electricitatea static\u0103 \u0219i las\u0103 p\u0103rul u\u0219or de pipt\u0103nat, luminos \u0219i m\u0103t\u0103sos. Agen\u021bii de hidratare \u0219i calmare protejeaz\u0103 p\u0103rul, \u00eei confer\u0103 str\u0103lucire \u0219i \u00eel fac s\u0103 fie u\u0219or de piept\u0103nat. Provitamina B5 \u0219i pantenolul \u00eent\u0103resc p\u0103rul, \u00eel protejeaz\u0103 \u0219i \u00eei ofer\u0103 volum.<\/p>\n<h3><\/h3>\n<p>&nbsp;<\/p>\n<hr \/>\n<p>&nbsp;<\/p>\n<p>&nbsp;<\/p>\n<h3><b><img loading=\"lazy\" decoding=\"async\" class=\"size-medium wp-image-4799 alignleft\" src=\"http:\/\/conceptcosmetics.ro\/beta\/wp-content\/uploads\/2016\/06\/Color-Specific-image1-300x225.jpg\" alt=\"Color Specific image\" width=\"300\" height=\"225\" srcset=\"https:\/\/www.zoneconcept.ro\/wp-content\/uploads\/2016\/06\/Color-Specific-image1-300x225.jpg 300w, https:\/\/www.zoneconcept.ro\/wp-content\/uploads\/2016\/06\/Color-Specific-image1-58x43.jpg 58w, https:\/\/www.zoneconcept.ro\/wp-content\/uploads\/2016\/06\/Color-Specific-image1-200x150.jpg 200w, https:\/\/www.zoneconcept.ro\/wp-content\/uploads\/2016\/06\/Color-Specific-image1-507x380.jpg 507w, https:\/\/www.zoneconcept.ro\/wp-content\/uploads\/2016\/06\/Color-Specific-image1.jpg 682w\" sizes=\"(max-width: 300px) 100vw, 300px\" \/><\/b><\/h3>\n<h3><b>Color\u00a0specifics &#8211; Color sealing shampoo<br \/>\n\u0218ampon pentru fixarea culorii, 200 ml.<\/b><\/h3>\n<p>Produsul cur\u0103\u021b\u0103 cu delicate\u021be p\u0103rul \u0219i stabilizeaz\u0103 pigmen\u021bii cosmetici \u00een interiorul firului de p\u0103r pentru a asigura o vopsire de durat\u0103 \u0219i un p\u0103r str\u0103lucitor.\u00a0Produsul se bazeaz\u0103 pe tehnologia NanoBiogenius.\u00a0Agen\u021bii activi contribuie la o cur\u0103\u021bare delicat\u0103 a p\u0103rului. Proteinele din lapte au o ac\u021biune puternic\u0103 de regenerare a p\u0103rului, \u00een timp ce glicerina are un efect puternic de hidratare.<br \/>\nProdusul are un p.H de 4-4,5.<\/p>\n<p>&nbsp;<\/p>\n<hr \/>\n<p>&nbsp;<\/p>\n<h3><b><img loading=\"lazy\" decoding=\"async\" class=\"size-medium wp-image-4799 alignleft\" src=\"http:\/\/conceptcosmetics.ro\/beta\/wp-content\/uploads\/2016\/06\/Color-Specific-image1-300x225.jpg\" alt=\"Color Specific image\" width=\"300\" height=\"225\" srcset=\"https:\/\/www.zoneconcept.ro\/wp-content\/uploads\/2016\/06\/Color-Specific-image1-300x225.jpg 300w, https:\/\/www.zoneconcept.ro\/wp-content\/uploads\/2016\/06\/Color-Specific-image1-58x43.jpg 58w, https:\/\/www.zoneconcept.ro\/wp-content\/uploads\/2016\/06\/Color-Specific-image1-200x150.jpg 200w, https:\/\/www.zoneconcept.ro\/wp-content\/uploads\/2016\/06\/Color-Specific-image1-507x380.jpg 507w, https:\/\/www.zoneconcept.ro\/wp-content\/uploads\/2016\/06\/Color-Specific-image1.jpg 682w\" sizes=\"(max-width: 300px) 100vw, 300px\" \/>Color\u00a0specifics &#8211; Color sealing conditioner<br \/>\n<\/b><b>Balsam pentru stabilizarea culorii, 1000 ml.<\/b><\/h3>\n<p>Echilibreaz\u0103 PH-ul firului de p\u0103r \u0219i men\u021bine pigmen\u021bii de culoare \u00een interiorul firului de p\u0103r.\u00a0Bazat pe tehnologia NanoBiogenius.<br \/>\nCon\u021bine proteine din lapte, care asigur\u0103 o ac\u021biune puternic\u0103 de integrare \u0219i regenerare a firului de p\u0103r. Provitamina B5 \u0219i pantenolul \u00eent\u0103resc firul de p\u0103r, \u00eel regenereaz\u0103 \u0219i \u00eel protejeaz\u0103 \u0219i ajut\u0103 la \u00eengro\u0219area lui. Vitamina E are o ac\u021biune antioxidant\u0103 \u0219i protectoare. Uleiul din t\u0103r\u00e2\u021be de orez are o ac\u021biune hidratant\u0103, emolient\u0103 \u0219i hr\u0103nitoare asupra p\u0103rului. Produsul con\u021bine tocoferol, orizanol \u0219i tocotrienol, trei antioxidan\u021bi care protejeaz\u0103 \u00een mod natural \u00eempotriva razelor solare nocive. Siliconul activ ajut\u0103 la \u00eenchiderea rapid\u0103 a cuticulei, calmeaz\u0103 firele rebele \u0219i \u00eembun\u0103t\u0103\u021be\u0219te culoarea. Agen\u021bii regeneratori \u0219i hidratan\u021bi las\u0103 p\u0103rul fin, luminos \u0219i u\u0219or de piept\u0103nat, filtrele solare asigur\u0103 protec\u021bie \u00eempotriva razelor solare nocive.<\/p>\n<p>&nbsp;<\/p>\n<hr \/>\n<p>&nbsp;<\/p>\n<h3><b><img loading=\"lazy\" decoding=\"async\" class=\"wp-image-4799 alignleft\" src=\"http:\/\/conceptcosmetics.ro\/beta\/wp-content\/uploads\/2016\/06\/Color-Specific-image1-300x225.jpg\" alt=\"Color Specific image\" width=\"300\" height=\"225\" srcset=\"https:\/\/www.zoneconcept.ro\/wp-content\/uploads\/2016\/06\/Color-Specific-image1-300x225.jpg 300w, https:\/\/www.zoneconcept.ro\/wp-content\/uploads\/2016\/06\/Color-Specific-image1-58x43.jpg 58w, https:\/\/www.zoneconcept.ro\/wp-content\/uploads\/2016\/06\/Color-Specific-image1-200x150.jpg 200w, https:\/\/www.zoneconcept.ro\/wp-content\/uploads\/2016\/06\/Color-Specific-image1-507x380.jpg 507w, https:\/\/www.zoneconcept.ro\/wp-content\/uploads\/2016\/06\/Color-Specific-image1.jpg 682w\" sizes=\"(max-width: 300px) 100vw, 300px\" \/>Color\u00a0specifics &#8211; Instant remover<br \/>\n<\/b><b>Emulsie pentru \u00eendep\u0103rtarea petelor de vopsea de pe piele, 250 ml.<br \/>\n<\/b><\/h3>\n<p>Produsul este un dizolvant delicat care ac\u021bioneaz\u0103 bl\u00e2nd, dar ferm, asupra pielii, elimin\u00e2nd orice urm\u0103 de vopsea. Las\u0103 pielea perfect curat\u0103, fin\u0103 \u0219i nu irit\u0103. Proteinele din lapte au un efect restructurant \u0219i regenerant asupra p\u0103rului, \u00een timp ce sucul de aloe vera calmeaz\u0103 \u0219i hidrateaz\u0103 pielea.<\/p>\n<p>&nbsp;<\/p>\n<p>&nbsp;<\/p>\n<hr \/>\n<p>&nbsp;<\/p>\n<h3><b><img loading=\"lazy\" decoding=\"async\" class=\"wp-image-4799 alignleft\" src=\"http:\/\/conceptcosmetics.ro\/beta\/wp-content\/uploads\/2016\/06\/Color-Specific-image1-300x225.jpg\" alt=\"Color Specific image\" width=\"300\" height=\"225\" srcset=\"https:\/\/www.zoneconcept.ro\/wp-content\/uploads\/2016\/06\/Color-Specific-image1-300x225.jpg 300w, https:\/\/www.zoneconcept.ro\/wp-content\/uploads\/2016\/06\/Color-Specific-image1-58x43.jpg 58w, https:\/\/www.zoneconcept.ro\/wp-content\/uploads\/2016\/06\/Color-Specific-image1-200x150.jpg 200w, https:\/\/www.zoneconcept.ro\/wp-content\/uploads\/2016\/06\/Color-Specific-image1-507x380.jpg 507w, https:\/\/www.zoneconcept.ro\/wp-content\/uploads\/2016\/06\/Color-Specific-image1.jpg 682w\" sizes=\"(max-width: 300px) 100vw, 300px\" \/><\/b><\/h3>\n<h3><b>Color\u00a0specifics &#8211; Acid color sealer<br \/>\nStabilizator de culoare, 200 ml.<\/b><\/h3>\n<p>Produsul este creat special pentru a sigila cuticula dup\u0103 vopsire \u0219i pentru a fixa culoarea \u00een interiorul firul de p\u0103r.\u00a0Se bazeaz\u0103 pe tehnologia NanoBiogenius.\u00a0Con\u021bine proteine din lapte care au un efect puternic regenerator asupra structurii firului de p\u0103r. Con\u021bine agen\u021bi de regenerare \u0219i hidratare pentru un p\u0103r fin, luminos \u0219i u\u0219or de piept\u0103nat. Sucul de aloe vera (8%) are un efect calmant, anti-iritant asupra pielii \u0219i asupra p\u0103rului.<br \/>\nProdusul are un p.H de 3,5.<\/p>\n","protected":false},"excerpt":{"rendered":"<p>Color\u00a0specifics &#8211; Powerful protector Protector de scalp cu aloe vera, 200 ml. Ap\u0103r\u0103 pielea de posibilele irita\u021bii \u0219i erup\u021bii care pot ap\u0103rea \u00een timpul procesului de vopsire \u0219i \/ sau decolorare, previne fixarea petelor de vopsea pe piele. Proteinele din lapte au un efect puternic regenerator asupra structurii p\u0103rului \u00een timp ce glicerina hidrateaz\u0103 p\u0103rul [&hellip;]<\/p>\n","protected":false},"author":1,"featured_media":0,"parent":0,"menu_order":0,"comment_status":"closed","ping_status":"closed","template":"","meta":{"footnotes":""},"class_list":["post-4879","page","type-page","status-publish","hentry","has-post-title","has-post-date","has-post-category","has-post-tag","has-post-comment","has-post-author",""],"builder_content":"","_links":{"self":[{"href":"https:\/\/www.zoneconcept.ro\/index.php\/wp-json\/wp\/v2\/pages\/4879"}],"collection":[{"href":"https:\/\/www.zoneconcept.ro\/index.php\/wp-json\/wp\/v2\/pages"}],"about":[{"href":"https:\/\/www.zoneconcept.ro\/index.php\/wp-json\/wp\/v2\/types\/page"}],"author":[{"embeddable":true,"href":"https:\/\/www.zoneconcept.ro\/index.php\/wp-json\/wp\/v2\/users\/1"}],"replies":[{"embeddable":true,"href":"https:\/\/www.zoneconcept.ro\/index.php\/wp-json\/wp\/v2\/comments?post=4879"}],"version-history":[{"count":25,"href":"https:\/\/www.zoneconcept.ro\/index.php\/wp-json\/wp\/v2\/pages\/4879\/revisions"}],"predecessor-version":[{"id":5135,"href":"https:\/\/www.zoneconcept.ro\/index.php\/wp-json\/wp\/v2\/pages\/4879\/revisions\/5135"}],"wp:attachment":[{"href":"https:\/\/www.zoneconcept.ro\/index.php\/wp-json\/wp\/v2\/media?parent=4879"}],"curies":[{"name":"wp","href":"https:\/\/api.w.org\/{rel}","templated":true}]}}