{"id":4414,"date":"2014-08-27T12:23:59","date_gmt":"2014-08-27T12:23:59","guid":{"rendered":"http:\/\/conceptcosmetics.ro\/beta\/?post_type=product&#038;p=4414"},"modified":"2026-03-31T11:26:42","modified_gmt":"2026-03-31T11:26:42","slug":"milk_shake-integrity-shampoo","status":"publish","type":"product","link":"https:\/\/www.zoneconcept.ro\/index.php\/produs\/milk_shake-integrity-shampoo\/","title":{"rendered":"Integrity nourishing shampoo"},"content":{"rendered":"","protected":false},"excerpt":{"rendered":"<p>milk_shake INTEGRITY SHAMPOO, 300 ml.<\/p>\n<p><a href=\"http:\/\/conceptcosmetics.ro\/beta\/wp-content\/uploads\/2014\/08\/logo1.gif\"><img loading=\"lazy\" decoding=\"async\" class=\"alignnone size-full wp-image-4715\" src=\"http:\/\/conceptcosmetics.ro\/beta\/wp-content\/uploads\/2014\/08\/logo1.gif\" alt=\"logo\" width=\"274\" height=\"41\" \/><\/a><\/p>\n<p>\u0218ampon puternic hidratant pentru toate tipurile de p\u0103r; recomandat \u00een special pentru p\u0103rul deshidratat sau deteriorat. Cur\u0103\u021b\u0103 delicat datorit\u0103 formulei sale f\u0103r\u0103 sulfa\u021bi, pe baz\u0103 de unt organic din arborele Muru Muru, contribuind la men\u021binerea culorii timp \u00eendelungat. Hr\u0103ne\u0219te, catifeleaz\u0103, hidrateaz\u0103 \u0219i elimin\u0103 efectul de electrizare, l\u0103s\u00e2nd p\u0103rul moale \u0219i str\u0103lucitor. F\u0103r\u0103 sulfa\u021bi \u0219i f\u0103r\u0103 parabeni.<\/p>\n<p>Recomand\u0103m achizi\u021bionarea produselor \u00een saloanele de \u00eenfrumuse\u021bare pentru a beneficia \u0219i de consultan\u021b\u0103 gratuit\u0103. V\u0103 rug\u0103m s\u0103 ne contacta\u021bi pentru a v\u0103 comunica lista saloanelor din zona Dumneavoastr\u0103.<\/p>\n","protected":false},"featured_media":8599,"comment_status":"open","ping_status":"closed","template":"","meta":[],"product_cat":[41,26],"product_tag":[29],"class_list":{"0":"post-4414","1":"product","2":"type-product","3":"status-publish","4":"has-post-thumbnail","6":"product_cat-hidratare-intensiva","7":"product_cat-shampoo","8":"product_tag-milk_shake","9":"has-post-title","10":"has-post-date","11":"has-post-category","12":"has-post-tag","13":"has-post-comment","14":"has-post-author","15":"","16":"fullcover","18":"first","19":"instock","20":"taxable","21":"shipping-taxable","22":"purchasable","23":"product-type-simple"},"builder_content":"","_links":{"self":[{"href":"https:\/\/www.zoneconcept.ro\/index.php\/wp-json\/wp\/v2\/product\/4414"}],"collection":[{"href":"https:\/\/www.zoneconcept.ro\/index.php\/wp-json\/wp\/v2\/product"}],"about":[{"href":"https:\/\/www.zoneconcept.ro\/index.php\/wp-json\/wp\/v2\/types\/product"}],"replies":[{"embeddable":true,"href":"https:\/\/www.zoneconcept.ro\/index.php\/wp-json\/wp\/v2\/comments?post=4414"}],"wp:featuredmedia":[{"embeddable":true,"href":"https:\/\/www.zoneconcept.ro\/index.php\/wp-json\/wp\/v2\/media\/8599"}],"wp:attachment":[{"href":"https:\/\/www.zoneconcept.ro\/index.php\/wp-json\/wp\/v2\/media?parent=4414"}],"wp:term":[{"taxonomy":"product_cat","embeddable":true,"href":"https:\/\/www.zoneconcept.ro\/index.php\/wp-json\/wp\/v2\/product_cat?post=4414"},{"taxonomy":"product_tag","embeddable":true,"href":"https:\/\/www.zoneconcept.ro\/index.php\/wp-json\/wp\/v2\/product_tag?post=4414"}],"curies":[{"name":"wp","href":"https:\/\/api.w.org\/{rel}","templated":true}]}}