{"id":4443,"date":"2014-08-27T13:00:32","date_gmt":"2014-08-27T13:00:32","guid":{"rendered":"http:\/\/conceptcosmetics.ro\/beta\/?post_type=product&#038;p=4443"},"modified":"2026-03-31T11:26:34","modified_gmt":"2026-03-31T11:26:34","slug":"milk_shake-integrity-conditioner","status":"publish","type":"product","link":"https:\/\/www.zoneconcept.ro\/index.php\/produs\/milk_shake-integrity-conditioner\/","title":{"rendered":"Integrity nourishing conditioner"},"content":{"rendered":"<!--themify_builder_content-->\n<div id=\"themify_builder_content-4443\" data-postid=\"4443\" class=\"themify_builder_content themify_builder_content-4443 themify_builder tf_clear\">\n    <\/div>\n<!--\/themify_builder_content-->\n","protected":false},"excerpt":{"rendered":"<p>milk_shake INTEGRITY CONDITIONER, 300 ml.<\/p>\n<p><a href=\"http:\/\/conceptcosmetics.ro\/beta\/wp-content\/uploads\/2014\/08\/logo1.gif\"><img loading=\"lazy\" decoding=\"async\" class=\"alignnone size-full wp-image-4715\" src=\"http:\/\/conceptcosmetics.ro\/beta\/wp-content\/uploads\/2014\/08\/logo1.gif\" alt=\"logo\" width=\"274\" height=\"41\" \/><\/a><\/p>\n<p>Balsam nutritiv cu ac\u021biune profund\u0103. Conceput special pentru a hr\u0103ni toate tipurile de p\u0103r, contribuind la men\u021binerea culorii timp \u00eendelungat. Con\u021bine unt organic din arborele Muru Muru, care hr\u0103ne\u0219te \u0219i catifeleaz\u0103 firul de p\u0103r.<\/p>\n<p>Recomand\u0103m achizi\u021bionarea produselor \u00een saloanele de \u00eenfrumuse\u021bare pentru a beneficia \u0219i de consultan\u021b\u0103 gratuit\u0103. V\u0103 rug\u0103m s\u0103 ne contacta\u021bi pentru a v\u0103 comunica lista saloanelor din zona Dumneavoastr\u0103.<\/p>\n","protected":false},"featured_media":7125,"comment_status":"open","ping_status":"closed","template":"","meta":[],"product_cat":[27,41],"product_tag":[29],"class_list":{"0":"post-4443","1":"product","2":"type-product","3":"status-publish","4":"has-post-thumbnail","6":"product_cat-conditioner","7":"product_cat-hidratare-intensiva","8":"product_tag-milk_shake","9":"has-post-title","10":"has-post-date","11":"has-post-category","12":"has-post-tag","13":"has-post-comment","14":"has-post-author","15":"","16":"fullcover","18":"first","19":"instock","20":"taxable","21":"shipping-taxable","22":"purchasable","23":"product-type-simple"},"builder_content":"","_links":{"self":[{"href":"https:\/\/www.zoneconcept.ro\/index.php\/wp-json\/wp\/v2\/product\/4443"}],"collection":[{"href":"https:\/\/www.zoneconcept.ro\/index.php\/wp-json\/wp\/v2\/product"}],"about":[{"href":"https:\/\/www.zoneconcept.ro\/index.php\/wp-json\/wp\/v2\/types\/product"}],"replies":[{"embeddable":true,"href":"https:\/\/www.zoneconcept.ro\/index.php\/wp-json\/wp\/v2\/comments?post=4443"}],"wp:featuredmedia":[{"embeddable":true,"href":"https:\/\/www.zoneconcept.ro\/index.php\/wp-json\/wp\/v2\/media\/7125"}],"wp:attachment":[{"href":"https:\/\/www.zoneconcept.ro\/index.php\/wp-json\/wp\/v2\/media?parent=4443"}],"wp:term":[{"taxonomy":"product_cat","embeddable":true,"href":"https:\/\/www.zoneconcept.ro\/index.php\/wp-json\/wp\/v2\/product_cat?post=4443"},{"taxonomy":"product_tag","embeddable":true,"href":"https:\/\/www.zoneconcept.ro\/index.php\/wp-json\/wp\/v2\/product_tag?post=4443"}],"curies":[{"name":"wp","href":"https:\/\/api.w.org\/{rel}","templated":true}]}}