{"id":4467,"date":"2014-08-27T14:00:27","date_gmt":"2014-08-27T14:00:27","guid":{"rendered":"http:\/\/conceptcosmetics.ro\/beta\/?post_type=product&#038;p=4467"},"modified":"2026-03-31T11:28:25","modified_gmt":"2026-03-31T11:28:25","slug":"milk_shake-integrity-repairing-hair","status":"publish","type":"product","link":"https:\/\/www.zoneconcept.ro\/index.php\/produs\/milk_shake-integrity-repairing-hair\/","title":{"rendered":"milk_shake\u00ae integrity\u00a0protein treatment"},"content":{"rendered":"","protected":false},"excerpt":{"rendered":"<p>milk_shake INTEGRITY REPAIRING TREATMENT, fiole 8\/12 ml.<\/p>\n<p>Con\u021bine proteine naturale de lapte \u0219i extract organic din arborele Muru Muru, care repar\u0103 \u0219i hidrateaz\u0103 \u00een profunzime firul de p\u0103r. Proteinele din\u00a0 lapte \u00eenlocuiesc proteinele, care s-au pierdut cu ocazia procedeelor de colorare sau decolorare, iar Untul de Muru Muru sigileaz\u0103 cuticula \u0219i las\u0103 p\u0103rul hidratat, catifelat \u0219i str\u0103lucitor.<\/p>\n<div class=\"\">\n<div class=\"\">\n<div id=\"yui_3_16_0_ym19_1_1471496065626_10018\" class=\"\" dir=\"ltr\">Un produs minunat pentru pentru p\u0103rul uscat \u0219i degradat.<\/div>\n<\/div>\n<\/div>\n<p><a href=\"http:\/\/conceptcosmetics.ro\/beta\/wp-content\/uploads\/2014\/08\/logo1.gif\"><img loading=\"lazy\" decoding=\"async\" class=\"alignnone size-full wp-image-4715\" src=\"http:\/\/conceptcosmetics.ro\/beta\/wp-content\/uploads\/2014\/08\/logo1.gif\" alt=\"logo\" width=\"274\" height=\"41\" \/><\/a><\/p>\n<p>Recomand\u0103m achizi\u021bionarea produselor \u00een saloanele de \u00eenfrumuse\u021bare pentru a beneficia \u0219i de consultan\u021b\u0103 gratuit\u0103. V\u0103 rug\u0103m s\u0103 ne contacta\u021bi pentru a v\u0103 comunica lista saloanelor din zona Dumneavoastr\u0103.<\/p>\n","protected":false},"featured_media":9979,"comment_status":"open","ping_status":"closed","template":"","meta":[],"product_cat":[41,28],"product_tag":[29],"class_list":{"0":"post-4467","1":"product","2":"type-product","3":"status-publish","4":"has-post-thumbnail","6":"product_cat-hidratare-intensiva","7":"product_cat-tratamente","8":"product_tag-milk_shake","9":"has-post-title","10":"has-post-date","11":"has-post-category","12":"has-post-tag","13":"has-post-comment","14":"has-post-author","15":"","16":"fullcover","18":"first","19":"instock","20":"taxable","21":"shipping-taxable","22":"purchasable","23":"product-type-simple"},"builder_content":"","_links":{"self":[{"href":"https:\/\/www.zoneconcept.ro\/index.php\/wp-json\/wp\/v2\/product\/4467"}],"collection":[{"href":"https:\/\/www.zoneconcept.ro\/index.php\/wp-json\/wp\/v2\/product"}],"about":[{"href":"https:\/\/www.zoneconcept.ro\/index.php\/wp-json\/wp\/v2\/types\/product"}],"replies":[{"embeddable":true,"href":"https:\/\/www.zoneconcept.ro\/index.php\/wp-json\/wp\/v2\/comments?post=4467"}],"wp:featuredmedia":[{"embeddable":true,"href":"https:\/\/www.zoneconcept.ro\/index.php\/wp-json\/wp\/v2\/media\/9979"}],"wp:attachment":[{"href":"https:\/\/www.zoneconcept.ro\/index.php\/wp-json\/wp\/v2\/media?parent=4467"}],"wp:term":[{"taxonomy":"product_cat","embeddable":true,"href":"https:\/\/www.zoneconcept.ro\/index.php\/wp-json\/wp\/v2\/product_cat?post=4467"},{"taxonomy":"product_tag","embeddable":true,"href":"https:\/\/www.zoneconcept.ro\/index.php\/wp-json\/wp\/v2\/product_tag?post=4467"}],"curies":[{"name":"wp","href":"https:\/\/api.w.org\/{rel}","templated":true}]}}