{"id":4531,"date":"2014-08-28T09:45:45","date_gmt":"2014-08-28T09:45:45","guid":{"rendered":"http:\/\/conceptcosmetics.ro\/beta\/?post_type=product&#038;p=4531"},"modified":"2025-05-12T07:08:34","modified_gmt":"2025-05-12T07:08:34","slug":"milk_shake-liquid-designer","status":"publish","type":"product","link":"https:\/\/www.zoneconcept.ro\/index.php\/produs\/milk_shake-liquid-designer\/","title":{"rendered":"milk_shake\u00ae Liquid Styler"},"content":{"rendered":"","protected":false},"excerpt":{"rendered":"<p>milk_shake LIQUID STYLER, 250 ml.<\/p>\n<p><img loading=\"lazy\" decoding=\"async\" class=\"alignnone size-full wp-image-4715\" src=\"http:\/\/conceptcosmetics.ro\/beta\/wp-content\/uploads\/2014\/08\/logo1.gif\" alt=\"logo\" width=\"274\" height=\"41\" \/><\/p>\n<p>Gel lichid pentru styling. Styling lichid lejer care hidrateaz\u0103, catifeleaz\u0103 \u0219i confer\u0103 volum. Previne despicarea v\u00e2rfurilor, confer\u0103 catifelare, str\u0103lucire \u0219i elimina electrizarea firului de p\u0103r. Descurc\u0103 p\u0103rul \u0219i creeaz\u0103 volum f\u0103r\u0103 a \u00eengreuna. Favorizeaz\u0103 crearea \u0219i men\u021binerea timp \u00eendelungat a coafurii. Are efect de \u201ememorie\u201d \u0219i \u021binut\u0103 flexibil\u0103. Foarte versatil, se recomand\u0103 pentru orice coafur\u0103 \u0219i pentru orice tip de p\u0103r. Las\u0103 p\u0103rul str\u0103lucitor \u0219i plin de vitalitate.<\/p>\n<p>Recomand\u0103m achizi\u021bionarea produselor \u00een saloanele de \u00eenfrumuse\u021bare pentru a beneficia \u0219i de consultan\u021b\u0103 gratuit\u0103. V\u0103 rug\u0103m s\u0103 ne contacta\u021bi pentru a v\u0103 comunica lista saloanelor din zona Dumneavoastr\u0103.<\/p>\n","protected":false},"featured_media":5567,"comment_status":"open","ping_status":"closed","template":"","meta":[],"product_cat":[31,42],"product_tag":[29],"class_list":{"0":"post-4531","1":"product","2":"type-product","3":"status-publish","4":"has-post-thumbnail","6":"product_cat-styling","7":"product_cat-volum","8":"product_tag-milk_shake","9":"has-post-title","10":"has-post-date","11":"has-post-category","12":"has-post-tag","13":"has-post-comment","14":"has-post-author","15":"","16":"fullcover","18":"first","19":"instock","20":"taxable","21":"shipping-taxable","22":"purchasable","23":"product-type-simple"},"builder_content":"","_links":{"self":[{"href":"https:\/\/www.zoneconcept.ro\/index.php\/wp-json\/wp\/v2\/product\/4531"}],"collection":[{"href":"https:\/\/www.zoneconcept.ro\/index.php\/wp-json\/wp\/v2\/product"}],"about":[{"href":"https:\/\/www.zoneconcept.ro\/index.php\/wp-json\/wp\/v2\/types\/product"}],"replies":[{"embeddable":true,"href":"https:\/\/www.zoneconcept.ro\/index.php\/wp-json\/wp\/v2\/comments?post=4531"}],"wp:featuredmedia":[{"embeddable":true,"href":"https:\/\/www.zoneconcept.ro\/index.php\/wp-json\/wp\/v2\/media\/5567"}],"wp:attachment":[{"href":"https:\/\/www.zoneconcept.ro\/index.php\/wp-json\/wp\/v2\/media?parent=4531"}],"wp:term":[{"taxonomy":"product_cat","embeddable":true,"href":"https:\/\/www.zoneconcept.ro\/index.php\/wp-json\/wp\/v2\/product_cat?post=4531"},{"taxonomy":"product_tag","embeddable":true,"href":"https:\/\/www.zoneconcept.ro\/index.php\/wp-json\/wp\/v2\/product_tag?post=4531"}],"curies":[{"name":"wp","href":"https:\/\/api.w.org\/{rel}","templated":true}]}}