{"id":4537,"date":"2014-08-28T09:48:34","date_gmt":"2014-08-28T09:48:34","guid":{"rendered":"http:\/\/conceptcosmetics.ro\/beta\/?post_type=product&#038;p=4537"},"modified":"2026-03-31T12:04:29","modified_gmt":"2026-03-31T12:04:29","slug":"milk_shake-texturizing-paste","status":"publish","type":"product","link":"https:\/\/www.zoneconcept.ro\/index.php\/produs\/milk_shake-texturizing-paste\/","title":{"rendered":"milk_shake\u00ae Freehand paste"},"content":{"rendered":"<!--themify_builder_content-->\n<div id=\"themify_builder_content-4537\" data-postid=\"4537\" class=\"themify_builder_content themify_builder_content-4537 themify_builder tf_clear\">\n    <\/div>\n<!--\/themify_builder_content-->\n","protected":false},"excerpt":{"rendered":"<p>milk_shake\u00ae Freehand Paste, 50 ml.<\/p>\n<p><img loading=\"lazy\" decoding=\"async\" class=\"alignnone size-full wp-image-4715\" src=\"http:\/\/conceptcosmetics.ro\/beta\/wp-content\/uploads\/2014\/08\/logo1.gif\" alt=\"logo\" width=\"274\" height=\"41\" \/><\/p>\n<p>Past\u0103 modelatoare. Con\u021bine proteine din lapte, vitamina C, minerale \u0219i antioxidan\u021bi naturali care nu \u00eengreuneaz\u0103 firul de p\u0103r. Cu filtre solare care protejeaz\u0103 \u00eempotriva c\u0103ldurii \u0219i men\u021bine culoarea. Ideal pentru a modela, construi sau a defini orice tip de coafur\u0103 datorit\u0103 efectului s\u0103u lejer \u0219i natural. Las\u0103 p\u0103rul str\u0103lucitor \u0219i cu \u021binut\u0103.<\/p>\n<p>Recomand\u0103m achizi\u021bionarea produselor \u00een saloanele de \u00eenfrumuse\u021bare pentru a beneficia \u0219i de consultan\u021b\u0103 gratuit\u0103. V\u0103 rug\u0103m s\u0103 ne contacta\u021bi pentru a v\u0103 comunica lista saloanelor din zona Dumneavoastr\u0103.<\/p>\n","protected":false},"featured_media":5571,"comment_status":"open","ping_status":"closed","template":"","meta":[],"product_cat":[31],"product_tag":[29],"class_list":{"0":"post-4537","1":"product","2":"type-product","3":"status-publish","4":"has-post-thumbnail","6":"product_cat-styling","7":"product_tag-milk_shake","8":"has-post-title","9":"has-post-date","10":"has-post-category","11":"has-post-tag","12":"has-post-comment","13":"has-post-author","14":"","15":"fullcover","17":"first","18":"instock","19":"taxable","20":"shipping-taxable","21":"purchasable","22":"product-type-simple"},"builder_content":"","_links":{"self":[{"href":"https:\/\/www.zoneconcept.ro\/index.php\/wp-json\/wp\/v2\/product\/4537"}],"collection":[{"href":"https:\/\/www.zoneconcept.ro\/index.php\/wp-json\/wp\/v2\/product"}],"about":[{"href":"https:\/\/www.zoneconcept.ro\/index.php\/wp-json\/wp\/v2\/types\/product"}],"replies":[{"embeddable":true,"href":"https:\/\/www.zoneconcept.ro\/index.php\/wp-json\/wp\/v2\/comments?post=4537"}],"wp:featuredmedia":[{"embeddable":true,"href":"https:\/\/www.zoneconcept.ro\/index.php\/wp-json\/wp\/v2\/media\/5571"}],"wp:attachment":[{"href":"https:\/\/www.zoneconcept.ro\/index.php\/wp-json\/wp\/v2\/media?parent=4537"}],"wp:term":[{"taxonomy":"product_cat","embeddable":true,"href":"https:\/\/www.zoneconcept.ro\/index.php\/wp-json\/wp\/v2\/product_cat?post=4537"},{"taxonomy":"product_tag","embeddable":true,"href":"https:\/\/www.zoneconcept.ro\/index.php\/wp-json\/wp\/v2\/product_tag?post=4537"}],"curies":[{"name":"wp","href":"https:\/\/api.w.org\/{rel}","templated":true}]}}