{"id":4541,"date":"2014-08-28T09:50:43","date_gmt":"2014-08-28T09:50:43","guid":{"rendered":"http:\/\/conceptcosmetics.ro\/beta\/?post_type=product&#038;p=4541"},"modified":"2026-03-31T12:09:25","modified_gmt":"2026-03-31T12:09:25","slug":"milk_shake-smoothing-cream","status":"publish","type":"product","link":"https:\/\/www.zoneconcept.ro\/index.php\/produs\/milk_shake-smoothing-cream\/","title":{"rendered":"milk_shake\u00ae Smoothing Cream"},"content":{"rendered":"<!--themify_builder_content-->\n<div id=\"themify_builder_content-4541\" data-postid=\"4541\" class=\"themify_builder_content themify_builder_content-4541 themify_builder tf_clear\">\n    <\/div>\n<!--\/themify_builder_content-->\n","protected":false},"excerpt":{"rendered":"<p>milk_shake SMOOTHING CREAM, 175 ml.<\/p>\n<p><a href=\"http:\/\/conceptcosmetics.ro\/beta\/wp-content\/uploads\/2014\/08\/logo1.gif\"><img loading=\"lazy\" decoding=\"async\" class=\"alignnone size-full wp-image-4715\" src=\"http:\/\/conceptcosmetics.ro\/beta\/wp-content\/uploads\/2014\/08\/logo1.gif\" alt=\"logo\" width=\"274\" height=\"41\" \/><\/a><\/p>\n<p>Crem\u0103 pentru netezirea p\u0103rului<\/p>\n<p>milk_shake Smoothing Cream are la baz\u0103 proteine din lapte, extract de lychee, vitamina C, minerale \u0219i antioxidan\u021bi naturali care nu \u00eengreuneaz\u0103 p\u0103rul, l\u0103s\u00e2ndu-l mai str\u0103lucitor \u0219i mai catifelat. Protejeaz\u0103 p\u0103rul de razele UV, ajut\u00e2nd la men\u021binerea culorii. Catifeleaz\u0103 p\u0103rul, f\u0103c\u00e2ndu-l u\u0219or de piept\u0103nat \u0219i coafat. Protejeaz\u0103 p\u0103rul de c\u0103ldur\u0103 \u0219i instrumentele de coafare, oferindu-i rezisten\u021b\u0103 la umiditate. Este ideal pentru p\u0103rul cre\u021b deoarece elimin\u0103 electrizarea p\u0103rului \u0219i define\u0219te buclele, l\u0103s\u00e2nd p\u0103rul moale \u0219i str\u0103lucitor.<\/p>\n<p>&nbsp;<\/p>\n<p>Recomand\u0103m achizi\u021bionarea produselor \u00een saloanele de \u00eenfrumuse\u021bare pentru a beneficia \u0219i de consultan\u021b\u0103 gratuit\u0103. V\u0103 rug\u0103m s\u0103 ne contacta\u021bi pentru a v\u0103 comunica lista saloanelor din zona Dumneavoastr\u0103.<\/p>\n","protected":false},"featured_media":5549,"comment_status":"open","ping_status":"closed","template":"","meta":[],"product_cat":[41,31],"product_tag":[29],"class_list":{"0":"post-4541","1":"product","2":"type-product","3":"status-publish","4":"has-post-thumbnail","6":"product_cat-hidratare-intensiva","7":"product_cat-styling","8":"product_tag-milk_shake","9":"has-post-title","10":"has-post-date","11":"has-post-category","12":"has-post-tag","13":"has-post-comment","14":"has-post-author","15":"","16":"fullcover","18":"first","19":"instock","20":"taxable","21":"shipping-taxable","22":"purchasable","23":"product-type-simple"},"builder_content":"","_links":{"self":[{"href":"https:\/\/www.zoneconcept.ro\/index.php\/wp-json\/wp\/v2\/product\/4541"}],"collection":[{"href":"https:\/\/www.zoneconcept.ro\/index.php\/wp-json\/wp\/v2\/product"}],"about":[{"href":"https:\/\/www.zoneconcept.ro\/index.php\/wp-json\/wp\/v2\/types\/product"}],"replies":[{"embeddable":true,"href":"https:\/\/www.zoneconcept.ro\/index.php\/wp-json\/wp\/v2\/comments?post=4541"}],"wp:featuredmedia":[{"embeddable":true,"href":"https:\/\/www.zoneconcept.ro\/index.php\/wp-json\/wp\/v2\/media\/5549"}],"wp:attachment":[{"href":"https:\/\/www.zoneconcept.ro\/index.php\/wp-json\/wp\/v2\/media?parent=4541"}],"wp:term":[{"taxonomy":"product_cat","embeddable":true,"href":"https:\/\/www.zoneconcept.ro\/index.php\/wp-json\/wp\/v2\/product_cat?post=4541"},{"taxonomy":"product_tag","embeddable":true,"href":"https:\/\/www.zoneconcept.ro\/index.php\/wp-json\/wp\/v2\/product_tag?post=4541"}],"curies":[{"name":"wp","href":"https:\/\/api.w.org\/{rel}","templated":true}]}}