{"id":5324,"date":"2017-06-21T10:24:14","date_gmt":"2017-06-21T10:24:14","guid":{"rendered":"http:\/\/zoneconcept.ro\/?post_type=product&#038;p=5324"},"modified":"2026-03-31T11:45:16","modified_gmt":"2026-03-31T11:45:16","slug":"5324","status":"publish","type":"product","link":"https:\/\/www.zoneconcept.ro\/index.php\/produs\/5324\/","title":{"rendered":"milk_shake\u00ae sun &#038; more all over shampoo"},"content":{"rendered":"<!--themify_builder_content-->\n<div id=\"themify_builder_content-5324\" data-postid=\"5324\" class=\"themify_builder_content themify_builder_content-5324 themify_builder tf_clear\">\n    <\/div>\n<!--\/themify_builder_content-->\n","protected":false},"excerpt":{"rendered":"<p>250 ml<\/p>\n<p>Produs de cur\u0103\u021bare \u0219i hidratare de tip \u201c2 in 1\u201d, cu o formula potrivit\u0103 at\u00e2t pentru scalp, c\u00e2t \u0219i pentru corp, este ideal \u00een zilele petrecute la mare sau la piscin\u0103. Poate fi folosit pe tot timpul anului, pentru a catifela pielea \u0219i a proteja p\u0103rul de efectul de dehidratare produs de razele solare. Potrivit pentru persoane dinamice. \u00cembog\u0103\u021bit cu filtru UV, vitamina E \u0219i ingrediente naturale, selectate pentru efectul de revigorare asupra pielii \u0219i p\u0103rului.<\/p>\n<p><a href=\"http:\/\/conceptcosmetics.ro\/beta\/wp-content\/uploads\/2014\/08\/logo1.gif\"><img loading=\"lazy\" decoding=\"async\" class=\"alignnone size-full wp-image-4715\" src=\"http:\/\/conceptcosmetics.ro\/beta\/wp-content\/uploads\/2014\/08\/logo1.gif\" alt=\"logo\" width=\"274\" height=\"41\" \/><\/a><\/p>\n<p><strong>Con\u021bine:<\/strong> unt muru muru, proteine din quinoa, ulei de hibiscus, ulei de fructul pasiunii, ulei de argan, vitamin E, filtru UV.<br \/>\n<strong>Mod de utilizare:\u00a0<\/strong>distribui\u021bi peste p\u0103rul ud \u0219i pielea umed\u0103, freca\u021bi pentru a face spum\u0103 \u0219i apoi cl\u0103ti\u021bi. Repeta\u021bi, dac\u0103 e nevoie. Pentru a avea cele mai bune rezultate asupra p\u0103rului, folosi\u021bi ulterior masca de p\u0103r Beauty.<\/p>\n","protected":false},"featured_media":5328,"comment_status":"open","ping_status":"closed","template":"","meta":[],"product_cat":[53],"product_tag":[29],"class_list":{"0":"post-5324","1":"product","2":"type-product","3":"status-publish","4":"has-post-thumbnail","6":"product_cat-sun-more","7":"product_tag-milk_shake","8":"has-post-title","9":"has-post-date","10":"has-post-category","11":"has-post-tag","12":"has-post-comment","13":"has-post-author","14":"","15":"fullcover","17":"first","18":"instock","19":"taxable","20":"shipping-taxable","21":"purchasable","22":"product-type-simple"},"builder_content":"","_links":{"self":[{"href":"https:\/\/www.zoneconcept.ro\/index.php\/wp-json\/wp\/v2\/product\/5324"}],"collection":[{"href":"https:\/\/www.zoneconcept.ro\/index.php\/wp-json\/wp\/v2\/product"}],"about":[{"href":"https:\/\/www.zoneconcept.ro\/index.php\/wp-json\/wp\/v2\/types\/product"}],"replies":[{"embeddable":true,"href":"https:\/\/www.zoneconcept.ro\/index.php\/wp-json\/wp\/v2\/comments?post=5324"}],"wp:featuredmedia":[{"embeddable":true,"href":"https:\/\/www.zoneconcept.ro\/index.php\/wp-json\/wp\/v2\/media\/5328"}],"wp:attachment":[{"href":"https:\/\/www.zoneconcept.ro\/index.php\/wp-json\/wp\/v2\/media?parent=5324"}],"wp:term":[{"taxonomy":"product_cat","embeddable":true,"href":"https:\/\/www.zoneconcept.ro\/index.php\/wp-json\/wp\/v2\/product_cat?post=5324"},{"taxonomy":"product_tag","embeddable":true,"href":"https:\/\/www.zoneconcept.ro\/index.php\/wp-json\/wp\/v2\/product_tag?post=5324"}],"curies":[{"name":"wp","href":"https:\/\/api.w.org\/{rel}","templated":true}]}}