{"id":5562,"date":"2018-02-15T12:03:23","date_gmt":"2018-02-15T12:03:23","guid":{"rendered":"http:\/\/zoneconcept.ro\/?post_type=product&#038;p=5562"},"modified":"2026-03-31T12:14:42","modified_gmt":"2026-03-31T12:14:42","slug":"milk_shake-medium-hold-hairspray","status":"publish","type":"product","link":"https:\/\/www.zoneconcept.ro\/index.php\/produs\/milk_shake-medium-hold-hairspray\/","title":{"rendered":"milk_shake\u00ae Medium Hold Hairspray"},"content":{"rendered":"","protected":false},"excerpt":{"rendered":"<p>milk_shake\u00ae Medium Hold Hairspray<\/p>\n<p>Fixativ cu fixare medie,ofer\u0103 coafurii un rezultat natural \u0219i o textur\u0103 flexibil\u0103.<\/p>\n<p><a href=\"http:\/\/conceptcosmetics.ro\/beta\/wp-content\/uploads\/2014\/08\/logo1.gif\"><img loading=\"lazy\" decoding=\"async\" class=\"alignnone size-full wp-image-4715\" src=\"http:\/\/conceptcosmetics.ro\/beta\/wp-content\/uploads\/2014\/08\/logo1.gif\" alt=\"logo\" width=\"274\" height=\"41\" \/><\/a><\/p>\n<p>Filtrul UV \u0219i proteinele din quinoaconfer\u0103 volum \u0219i protejeaz\u0103 p\u0103rul \u00eempotriva decolor\u0103rii.<\/p>\n<p>milk_shake\u00ae Medium Hold Hairspray con\u021bine urm\u0103toarele ingrediente active: filtrul UV \u0219i proteinele din quinoa.<\/p>\n<p>P\u0103rul dumneavoastr\u0103 va avea mai mult volum \u0219i str\u0103lucire, f\u0103r\u0103 a-l \u00eenc\u0103rca \u0219i a l\u0103sa urme de produs. Filtrul UV \u0219i proteinele din quinoa protejeaz\u0103 p\u0103rul de razele UV \u0219i factorii externi ce determin\u0103 decolorarea p\u0103rului, ajut\u00e2nd la men\u021binerea unei culori vii, pe termen lung.<\/p>\n<p>Rezultat: fixare medie, volum, str\u0103lucire.<\/p>\n<p>Produsul este ideal pentru orice tip de p\u0103r.<\/p>\n<p>Mod de utilizare: este recomandat s\u0103 pulveriza\u021bi produsul de la aproximativ 20-30 cm de p\u0103r.<\/p>\n","protected":false},"featured_media":5563,"comment_status":"open","ping_status":"closed","template":"","meta":[],"product_cat":[31],"product_tag":[29],"class_list":{"0":"post-5562","1":"product","2":"type-product","3":"status-publish","4":"has-post-thumbnail","6":"product_cat-styling","7":"product_tag-milk_shake","8":"has-post-title","9":"has-post-date","10":"has-post-category","11":"has-post-tag","12":"has-post-comment","13":"has-post-author","14":"","15":"fullcover","17":"first","18":"instock","19":"taxable","20":"shipping-taxable","21":"purchasable","22":"product-type-simple"},"builder_content":"","_links":{"self":[{"href":"https:\/\/www.zoneconcept.ro\/index.php\/wp-json\/wp\/v2\/product\/5562"}],"collection":[{"href":"https:\/\/www.zoneconcept.ro\/index.php\/wp-json\/wp\/v2\/product"}],"about":[{"href":"https:\/\/www.zoneconcept.ro\/index.php\/wp-json\/wp\/v2\/types\/product"}],"replies":[{"embeddable":true,"href":"https:\/\/www.zoneconcept.ro\/index.php\/wp-json\/wp\/v2\/comments?post=5562"}],"wp:featuredmedia":[{"embeddable":true,"href":"https:\/\/www.zoneconcept.ro\/index.php\/wp-json\/wp\/v2\/media\/5563"}],"wp:attachment":[{"href":"https:\/\/www.zoneconcept.ro\/index.php\/wp-json\/wp\/v2\/media?parent=5562"}],"wp:term":[{"taxonomy":"product_cat","embeddable":true,"href":"https:\/\/www.zoneconcept.ro\/index.php\/wp-json\/wp\/v2\/product_cat?post=5562"},{"taxonomy":"product_tag","embeddable":true,"href":"https:\/\/www.zoneconcept.ro\/index.php\/wp-json\/wp\/v2\/product_tag?post=5562"}],"curies":[{"name":"wp","href":"https:\/\/api.w.org\/{rel}","templated":true}]}}