{"id":5575,"date":"2018-02-16T09:55:25","date_gmt":"2018-02-16T09:55:25","guid":{"rendered":"http:\/\/zoneconcept.ro\/?post_type=product&#038;p=5575"},"modified":"2026-03-31T11:32:42","modified_gmt":"2026-03-31T11:32:42","slug":"milk_shake-integrity-incredible-oil","status":"publish","type":"product","link":"https:\/\/www.zoneconcept.ro\/index.php\/produs\/milk_shake-integrity-incredible-oil\/","title":{"rendered":"milk_shake\u00ae Integrity Incredible Oil"},"content":{"rendered":"","protected":false},"excerpt":{"rendered":"<p><strong>milk_shake\u00ae Integrity Incredible Oil<\/strong><\/p>\n<p>50 ml<\/p>\n<p>Ulei reparator \u0219i protector pentru p\u0103r degradat \u0219i v\u00e2rfuri despicate.<\/p>\n<p><a href=\"http:\/\/conceptcosmetics.ro\/beta\/wp-content\/uploads\/2014\/08\/logo1.gif\"><img loading=\"lazy\" decoding=\"async\" class=\"alignnone size-full wp-image-4715\" src=\"http:\/\/conceptcosmetics.ro\/beta\/wp-content\/uploads\/2014\/08\/logo1.gif\" alt=\"logo\" width=\"274\" height=\"41\" \/><\/a><br \/>\nmilk_shake Incredible Oil este un tratament f\u0103r\u0103 cl\u0103tire, care ac\u021bioneaz\u0103 prin formarea unei pelicule protectoare \u00eempotriva factorilor de stres ce sl\u0103besc firul de p\u0103r (usc\u0103torul de p\u0103r, placa de \u00eendreptat p\u0103rul, etc.).<br \/>\nAre efect de reparare \u0219i restructurare a cuticulei, combate \u0219i previne apari\u021bia v\u00e2rfurilor despicate, l\u0103s\u00e2nd p\u0103rul m\u0103t\u0103sos \u0219i radiant.\u00a0Propriet\u0103\u021bile fortifiante \u0219i de hidratare permit p\u0103rului s\u0103 fie u\u0219or de descurcat.<br \/>\nEfectele\u00a0milk_shake Incredible Oil\u00a0sunt datorate ingredientelor active din: uleiul organic de argan, esterii untului de shea, untul organic de Muru Muru \u0219i vitamina E.<\/p>\n<p>Recomand\u0103m utilizarea produsului conform urm\u0103torilor pa\u0219i: pulveriza\u021bi uniform uleiul pe p\u0103rul proasp\u0103t sp\u0103lat \u0219i umed, dup\u0103 care piept\u0103na\u021bi pentru ca tratamentul s\u0103 ajung\u0103 pe toat\u0103 lungimea firului de p\u0103r. Nu cl\u0103ti\u021bi! Continua\u021bi prin uscarea \u0219i stilizarea coafurii.<br \/>\nDac\u0103 produsul este utilizat direct pe p\u0103rul uscat, confer\u0103 mai mult\u0103 str\u0103lucire, flexibilitate \u0219i splendoare culorii p\u0103rului.<\/p>\n","protected":false},"featured_media":9314,"comment_status":"open","ping_status":"closed","template":"","meta":[],"product_cat":[28],"product_tag":[29],"class_list":{"0":"post-5575","1":"product","2":"type-product","3":"status-publish","4":"has-post-thumbnail","6":"product_cat-tratamente","7":"product_tag-milk_shake","8":"has-post-title","9":"has-post-date","10":"has-post-category","11":"has-post-tag","12":"has-post-comment","13":"has-post-author","14":"","15":"fullcover","17":"first","18":"instock","19":"taxable","20":"shipping-taxable","21":"purchasable","22":"product-type-simple"},"builder_content":"","_links":{"self":[{"href":"https:\/\/www.zoneconcept.ro\/index.php\/wp-json\/wp\/v2\/product\/5575"}],"collection":[{"href":"https:\/\/www.zoneconcept.ro\/index.php\/wp-json\/wp\/v2\/product"}],"about":[{"href":"https:\/\/www.zoneconcept.ro\/index.php\/wp-json\/wp\/v2\/types\/product"}],"replies":[{"embeddable":true,"href":"https:\/\/www.zoneconcept.ro\/index.php\/wp-json\/wp\/v2\/comments?post=5575"}],"wp:featuredmedia":[{"embeddable":true,"href":"https:\/\/www.zoneconcept.ro\/index.php\/wp-json\/wp\/v2\/media\/9314"}],"wp:attachment":[{"href":"https:\/\/www.zoneconcept.ro\/index.php\/wp-json\/wp\/v2\/media?parent=5575"}],"wp:term":[{"taxonomy":"product_cat","embeddable":true,"href":"https:\/\/www.zoneconcept.ro\/index.php\/wp-json\/wp\/v2\/product_cat?post=5575"},{"taxonomy":"product_tag","embeddable":true,"href":"https:\/\/www.zoneconcept.ro\/index.php\/wp-json\/wp\/v2\/product_tag?post=5575"}],"curies":[{"name":"wp","href":"https:\/\/api.w.org\/{rel}","templated":true}]}}