{"id":5765,"date":"2018-10-09T11:26:04","date_gmt":"2018-10-09T11:26:04","guid":{"rendered":"http:\/\/zoneconcept.ro\/?post_type=product&#038;p=5765"},"modified":"2026-03-31T08:51:41","modified_gmt":"2026-03-31T08:51:41","slug":"milk_shake-moisture-plus-shampoo","status":"publish","type":"product","link":"https:\/\/www.zoneconcept.ro\/index.php\/produs\/milk_shake-moisture-plus-shampoo\/","title":{"rendered":"milk_shake\u00ae moisture &#038; more SHAMPOO"},"content":{"rendered":"","protected":false},"excerpt":{"rendered":"<p>milk_shake\u00ae moisture&amp; more shampoo 300 ml<\/p>\n<p><a href=\"http:\/\/conceptcosmetics.ro\/beta\/wp-content\/uploads\/2014\/08\/logo1.gif\"><img loading=\"lazy\" decoding=\"async\" class=\"alignnone size-full wp-image-4715\" src=\"http:\/\/conceptcosmetics.ro\/beta\/wp-content\/uploads\/2014\/08\/logo1.gif\" alt=\"logo\" width=\"274\" height=\"41\" \/><\/a><\/p>\n<p>milk_shake\u00ae moisture &amp; more shampoo, \u0219ampon hidratant pe baz\u0103 de acid hialuronic pentru p\u0103rul uscat. Formula sa delicat\u0103, special creat\u0103 pentru a men\u021bine nivelul optim de hidratare, las\u0103 p\u0103rul catifelat \u0219i u\u0219or de coafat. Con\u021bine extract bio de papaya, Integrity41\u00ae \u0219i acid hialuronic cu efect anti-\u00eemb\u0103tr\u00e2nire, care \u00een acela\u0219i timp protejeaz\u0103 culoarea p\u0103rului.<\/p>\n<p>Ingrediente active:<\/p>\n<p>Filtre UV, acid hialuronic, Integrity 41\u00ae (extract hidrogliceric din semin\u021be de floarea-soarelui, bogat \u00een polifenoli antioxidan\u021bi), proteine din lapte, extract de papaya, proteine din quinoa \u0219i extracte din fructe bio.<\/p>\n<p>Mod de utilizare:<\/p>\n<p>Pe p\u0103rul ud, se aplic\u0103 o cantitate potrivit\u0103 de \u0219ampon. Se spumeaz\u0103 \u0219i se cl\u0103te\u0219te bine. Pentru un efect optim, se continu\u0103 \u00eengrijirea balsamul de p\u0103r milk_shake moisture and more conditioner.<\/p>\n","protected":false},"featured_media":9284,"comment_status":"open","ping_status":"closed","template":"","meta":[],"product_cat":[26],"product_tag":[29],"class_list":{"0":"post-5765","1":"product","2":"type-product","3":"status-publish","4":"has-post-thumbnail","6":"product_cat-shampoo","7":"product_tag-milk_shake","8":"has-post-title","9":"has-post-date","10":"has-post-category","11":"has-post-tag","12":"has-post-comment","13":"has-post-author","14":"","15":"fullcover","17":"first","18":"instock","19":"taxable","20":"shipping-taxable","21":"purchasable","22":"product-type-simple"},"builder_content":"","_links":{"self":[{"href":"https:\/\/www.zoneconcept.ro\/index.php\/wp-json\/wp\/v2\/product\/5765"}],"collection":[{"href":"https:\/\/www.zoneconcept.ro\/index.php\/wp-json\/wp\/v2\/product"}],"about":[{"href":"https:\/\/www.zoneconcept.ro\/index.php\/wp-json\/wp\/v2\/types\/product"}],"replies":[{"embeddable":true,"href":"https:\/\/www.zoneconcept.ro\/index.php\/wp-json\/wp\/v2\/comments?post=5765"}],"wp:featuredmedia":[{"embeddable":true,"href":"https:\/\/www.zoneconcept.ro\/index.php\/wp-json\/wp\/v2\/media\/9284"}],"wp:attachment":[{"href":"https:\/\/www.zoneconcept.ro\/index.php\/wp-json\/wp\/v2\/media?parent=5765"}],"wp:term":[{"taxonomy":"product_cat","embeddable":true,"href":"https:\/\/www.zoneconcept.ro\/index.php\/wp-json\/wp\/v2\/product_cat?post=5765"},{"taxonomy":"product_tag","embeddable":true,"href":"https:\/\/www.zoneconcept.ro\/index.php\/wp-json\/wp\/v2\/product_tag?post=5765"}],"curies":[{"name":"wp","href":"https:\/\/api.w.org\/{rel}","templated":true}]}}