{"id":5879,"date":"2018-12-18T10:43:28","date_gmt":"2018-12-18T10:43:28","guid":{"rendered":"http:\/\/zoneconcept.ro\/?post_type=product&#038;p=5879"},"modified":"2026-03-31T12:04:04","modified_gmt":"2026-03-31T12:04:04","slug":"milk_shake-strong-eco-hairspray","status":"publish","type":"product","link":"https:\/\/www.zoneconcept.ro\/index.php\/produs\/milk_shake-strong-eco-hairspray\/","title":{"rendered":"milk_shake\u00ae Strong ECO Hairspray"},"content":{"rendered":"<!--themify_builder_content-->\n<div id=\"themify_builder_content-5879\" data-postid=\"5879\" class=\"themify_builder_content themify_builder_content-5879 themify_builder tf_clear\">\n    <\/div>\n<!--\/themify_builder_content-->\n","protected":false},"excerpt":{"rendered":"<p><b>milk_shake\u00ae Strong ECO Hairspray<br \/>\n<\/b><b>250 ml<\/b><\/p>\n<p><a href=\"http:\/\/conceptcosmetics.ro\/beta\/wp-content\/uploads\/2014\/08\/logo1.gif\"><img loading=\"lazy\" decoding=\"async\" class=\"alignnone wp-image-4715 size-full\" src=\"http:\/\/zoneconcept.ro\/wp-content\/uploads\/2014\/08\/logo1.gif\" alt=\"logo\" width=\"274\" height=\"41\" \/><\/a><\/p>\n<p>Un fixativ <b>cu extra-putere <\/b>care ofer\u0103 p\u0103rului structur\u0103 \u0219i o str\u0103lucire excep\u021bional\u0103. <b>Protejeaz\u0103 p\u0103rul de umiditate<\/b> \u0219i de alte agresiuni externe, \u00eei men\u021bine <b>volumul \u0219i stilul.<\/b> Se usc\u0103 u\u0219or, nu \u00eenc\u00e2lce\u0219te p\u0103rul \u0219i nu \u00eencarc\u0103 firul de p\u0103r.<\/p>\n<p><b>Utilizare<\/b><b>: <\/b>aplica\u021bi de la 20-30 cm distan\u021b\u0103, dup\u0103 nevoie.<\/p>\n<p><b>INGREDIENTE ACTIVE:<\/b><\/p>\n<ul>\n<li>_proteine din quinoa<\/li>\n<li>_integrity 41\u00ae<\/li>\n<li>_extras organic de castane<\/li>\n<li>_proteine din lapte<\/li>\n<li>_filtru UV<\/li>\n<li>_m\u0103r organic, extracte de l\u0103m\u00e2ie \u0219i coac\u0103ze<\/li>\n<li>_proteine de m\u0103tase<\/li>\n<\/ul>\n","protected":false},"featured_media":5882,"comment_status":"open","ping_status":"closed","template":"","meta":[],"product_cat":[31],"product_tag":[29],"class_list":{"0":"post-5879","1":"product","2":"type-product","3":"status-publish","4":"has-post-thumbnail","6":"product_cat-styling","7":"product_tag-milk_shake","8":"has-post-title","9":"has-post-date","10":"has-post-category","11":"has-post-tag","12":"has-post-comment","13":"has-post-author","14":"","15":"fullcover","17":"first","18":"instock","19":"taxable","20":"shipping-taxable","21":"purchasable","22":"product-type-simple"},"builder_content":"","_links":{"self":[{"href":"https:\/\/www.zoneconcept.ro\/index.php\/wp-json\/wp\/v2\/product\/5879"}],"collection":[{"href":"https:\/\/www.zoneconcept.ro\/index.php\/wp-json\/wp\/v2\/product"}],"about":[{"href":"https:\/\/www.zoneconcept.ro\/index.php\/wp-json\/wp\/v2\/types\/product"}],"replies":[{"embeddable":true,"href":"https:\/\/www.zoneconcept.ro\/index.php\/wp-json\/wp\/v2\/comments?post=5879"}],"wp:featuredmedia":[{"embeddable":true,"href":"https:\/\/www.zoneconcept.ro\/index.php\/wp-json\/wp\/v2\/media\/5882"}],"wp:attachment":[{"href":"https:\/\/www.zoneconcept.ro\/index.php\/wp-json\/wp\/v2\/media?parent=5879"}],"wp:term":[{"taxonomy":"product_cat","embeddable":true,"href":"https:\/\/www.zoneconcept.ro\/index.php\/wp-json\/wp\/v2\/product_cat?post=5879"},{"taxonomy":"product_tag","embeddable":true,"href":"https:\/\/www.zoneconcept.ro\/index.php\/wp-json\/wp\/v2\/product_tag?post=5879"}],"curies":[{"name":"wp","href":"https:\/\/api.w.org\/{rel}","templated":true}]}}