{"id":5987,"date":"2019-05-10T08:05:05","date_gmt":"2019-05-10T08:05:05","guid":{"rendered":"https:\/\/www.zoneconcept.ro\/?post_type=product&#038;p=5987"},"modified":"2026-03-31T09:02:44","modified_gmt":"2026-03-31T09:02:44","slug":"organic-argan-oil-250-ml","status":"publish","type":"product","link":"https:\/\/www.zoneconcept.ro\/index.php\/produs\/organic-argan-oil-250-ml\/","title":{"rendered":"Organic Argan Oil &#8211; 250 ml"},"content":{"rendered":"<!--themify_builder_content-->\n<div id=\"themify_builder_content-5987\" data-postid=\"5987\" class=\"themify_builder_content themify_builder_content-5987 themify_builder tf_clear\">\n    <\/div>\n<!--\/themify_builder_content-->\n","protected":false},"excerpt":{"rendered":"<p>milk_shake GLISTENING ARGAN OIL, 250 ml.<\/p>\n<p>Tratament cu ulei de argan pentru toate tipurile de p\u0103r.<br \/>\nEste o formul\u0103 unic\u0103 cu ulei organic de argan care hidrateaz\u0103 \u0219i catifeleaz\u0103 instantaneu p\u0103rul, d\u00e2ndu-i str\u0103lucire \u0219i delicatese \u0219i l\u0103s\u00e2ndu-l voluminos \u0219i radiant.<\/p>\n<p><a href=\"http:\/\/conceptcosmetics.ro\/beta\/wp-content\/uploads\/2014\/08\/logo1.gif\"><img loading=\"lazy\" decoding=\"async\" class=\"alignnone size-full wp-image-4715\" src=\"http:\/\/conceptcosmetics.ro\/beta\/wp-content\/uploads\/2014\/08\/logo1.gif\" alt=\"logo\" width=\"274\" height=\"41\" \/><\/a><\/p>\n<p>Recomand\u0103m achizi\u021bionarea produselor \u00een saloanele de \u00eenfrumuse\u021bare pentru a beneficia \u0219i de consultan\u021b\u0103 gratuit\u0103. V\u0103 rug\u0103m s\u0103 ne contacta\u021bi pentru a v\u0103 comunica lista saloanelor din zona Dumneavoastr\u0103.<\/p>\n","protected":false},"featured_media":6713,"comment_status":"open","ping_status":"closed","template":"","meta":[],"product_cat":[43,28],"product_tag":[29],"class_list":{"0":"post-5987","1":"product","2":"type-product","3":"status-publish","4":"has-post-thumbnail","6":"product_cat-anti-electrizare","7":"product_cat-tratamente","8":"product_tag-milk_shake","9":"has-post-title","10":"has-post-date","11":"has-post-category","12":"has-post-tag","13":"has-post-comment","14":"has-post-author","15":"","16":"fullcover","18":"first","19":"instock","20":"taxable","21":"shipping-taxable","22":"purchasable","23":"product-type-simple"},"builder_content":"","_links":{"self":[{"href":"https:\/\/www.zoneconcept.ro\/index.php\/wp-json\/wp\/v2\/product\/5987"}],"collection":[{"href":"https:\/\/www.zoneconcept.ro\/index.php\/wp-json\/wp\/v2\/product"}],"about":[{"href":"https:\/\/www.zoneconcept.ro\/index.php\/wp-json\/wp\/v2\/types\/product"}],"replies":[{"embeddable":true,"href":"https:\/\/www.zoneconcept.ro\/index.php\/wp-json\/wp\/v2\/comments?post=5987"}],"wp:featuredmedia":[{"embeddable":true,"href":"https:\/\/www.zoneconcept.ro\/index.php\/wp-json\/wp\/v2\/media\/6713"}],"wp:attachment":[{"href":"https:\/\/www.zoneconcept.ro\/index.php\/wp-json\/wp\/v2\/media?parent=5987"}],"wp:term":[{"taxonomy":"product_cat","embeddable":true,"href":"https:\/\/www.zoneconcept.ro\/index.php\/wp-json\/wp\/v2\/product_cat?post=5987"},{"taxonomy":"product_tag","embeddable":true,"href":"https:\/\/www.zoneconcept.ro\/index.php\/wp-json\/wp\/v2\/product_tag?post=5987"}],"curies":[{"name":"wp","href":"https:\/\/api.w.org\/{rel}","templated":true}]}}