{"id":5989,"date":"2019-05-10T08:18:56","date_gmt":"2019-05-10T08:18:56","guid":{"rendered":"https:\/\/www.zoneconcept.ro\/?post_type=product&#038;p=5989"},"modified":"2026-03-31T08:54:25","modified_gmt":"2026-03-31T08:54:25","slug":"argan-deep-treatment-500-ml","status":"publish","type":"product","link":"https:\/\/www.zoneconcept.ro\/index.php\/produs\/argan-deep-treatment-500-ml\/","title":{"rendered":"argan deep treatment &#8211; 500 ml"},"content":{"rendered":"<!--themify_builder_content-->\n<div id=\"themify_builder_content-5989\" data-postid=\"5989\" class=\"themify_builder_content themify_builder_content-5989 themify_builder tf_clear\">\n    <\/div>\n<!--\/themify_builder_content-->\n","protected":false},"excerpt":{"rendered":"<p>milk_shake ARGAN DEEP TREATMENT, 500 ml.<\/p>\n<p>Tratament profund pentru toate tipurile de p\u0103r. Cu proteine de gr\u00e2u \u0219i ulei organic de argan, formula sa nutritiv\u0103 pentru toate tipurile de p\u0103r elimin\u0103 electrizarea firului de p\u0103r, oferind delicate\u021be, str\u0103lucire p\u0103rului, f\u0103c\u00e2ndu-l u\u0219or de modelat \u0219i p\u0103str\u00e2nd intensitatea culorii.<\/p>\n<p><a href=\"http:\/\/conceptcosmetics.ro\/beta\/wp-content\/uploads\/2014\/08\/logo1.gif\"><img loading=\"lazy\" decoding=\"async\" class=\"alignnone size-full wp-image-4715\" src=\"http:\/\/conceptcosmetics.ro\/beta\/wp-content\/uploads\/2014\/08\/logo1.gif\" alt=\"logo\" width=\"274\" height=\"41\" \/><\/a><\/p>\n<p>&nbsp;<\/p>\n<p>Recomand\u0103m achizi\u021bionarea produselor \u00een saloanele de \u00eenfrumuse\u021bare pentru a beneficia \u0219i de consultan\u021b\u0103 gratuit\u0103. V\u0103 rug\u0103m s\u0103 ne contacta\u021bi pentru a v\u0103 comunica lista saloanelor din zona Dumneavoastr\u0103.<\/p>\n","protected":false},"featured_media":5998,"comment_status":"open","ping_status":"closed","template":"","meta":[],"product_cat":[28],"product_tag":[29],"class_list":{"0":"post-5989","1":"product","2":"type-product","3":"status-publish","4":"has-post-thumbnail","6":"product_cat-tratamente","7":"product_tag-milk_shake","8":"has-post-title","9":"has-post-date","10":"has-post-category","11":"has-post-tag","12":"has-post-comment","13":"has-post-author","14":"","15":"fullcover","17":"first","18":"instock","19":"taxable","20":"shipping-taxable","21":"purchasable","22":"product-type-simple"},"builder_content":"","_links":{"self":[{"href":"https:\/\/www.zoneconcept.ro\/index.php\/wp-json\/wp\/v2\/product\/5989"}],"collection":[{"href":"https:\/\/www.zoneconcept.ro\/index.php\/wp-json\/wp\/v2\/product"}],"about":[{"href":"https:\/\/www.zoneconcept.ro\/index.php\/wp-json\/wp\/v2\/types\/product"}],"replies":[{"embeddable":true,"href":"https:\/\/www.zoneconcept.ro\/index.php\/wp-json\/wp\/v2\/comments?post=5989"}],"wp:featuredmedia":[{"embeddable":true,"href":"https:\/\/www.zoneconcept.ro\/index.php\/wp-json\/wp\/v2\/media\/5998"}],"wp:attachment":[{"href":"https:\/\/www.zoneconcept.ro\/index.php\/wp-json\/wp\/v2\/media?parent=5989"}],"wp:term":[{"taxonomy":"product_cat","embeddable":true,"href":"https:\/\/www.zoneconcept.ro\/index.php\/wp-json\/wp\/v2\/product_cat?post=5989"},{"taxonomy":"product_tag","embeddable":true,"href":"https:\/\/www.zoneconcept.ro\/index.php\/wp-json\/wp\/v2\/product_tag?post=5989"}],"curies":[{"name":"wp","href":"https:\/\/api.w.org\/{rel}","templated":true}]}}