{"id":6022,"date":"2019-05-21T14:33:28","date_gmt":"2019-05-21T14:33:28","guid":{"rendered":"https:\/\/www.zoneconcept.ro\/?post_type=product&#038;p=6022"},"modified":"2026-03-31T09:06:01","modified_gmt":"2026-03-31T09:06:01","slug":"silver-shine-conditioner-1000-ml","status":"publish","type":"product","link":"https:\/\/www.zoneconcept.ro\/index.php\/produs\/silver-shine-conditioner-1000-ml\/","title":{"rendered":"Silver Shine Conditioner &#8211; 1000 ml"},"content":{"rendered":"<!--themify_builder_content-->\n<div id=\"themify_builder_content-6022\" data-postid=\"6022\" class=\"themify_builder_content themify_builder_content-6022 themify_builder tf_clear\">\n    <\/div>\n<!--\/themify_builder_content-->\n","protected":false},"excerpt":{"rendered":"<p>1000 ml<\/p>\n<p>Balsam special pentru p\u0103r blond \u0219i c\u0103runt<\/p>\n<p>Produsul are la baz\u0103 o formul\u0103 special\u0103 ce neutralizeaz\u0103 nuan\u021bele g\u0103lbui nedorite ce apar \u00een cazul p\u0103rului c\u0103runt, blond sau decolorat. Dup\u0103 aplicare, p\u0103rul r\u0103m\u00e2ne moale \u0219i \u00ee\u0219i recap\u0103t\u0103 vitalitatea. Con\u021bine proteine din lapte, extracte de fructe organice, pigment violet de culoare \u0219i Integrity 41\u00ae, ingredientul propriu produselor milk shake care p\u0103streaz\u0103 o bun\u0103 hidratare a p\u0103rului, protej\u00e2nd culoarea. Nu con\u021bine paraben.<\/p>\n<p>Se aplic\u0103 pe p\u0103rul proasp\u0103t sp\u0103lat. Sterge\u021bi p\u0103rul cu un prosop, aplica\u021bi balsamul \u0219i l\u0103sa\u021bi-l c\u00e2teva minute s\u0103 ac\u021bioneze. La final, cl\u0103ti\u021bi p\u0103rul.<\/p>\n","protected":false},"featured_media":6023,"comment_status":"open","ping_status":"closed","template":"","meta":[],"product_cat":[27],"product_tag":[29],"class_list":{"0":"post-6022","1":"product","2":"type-product","3":"status-publish","4":"has-post-thumbnail","6":"product_cat-conditioner","7":"product_tag-milk_shake","8":"has-post-title","9":"has-post-date","10":"has-post-category","11":"has-post-tag","12":"has-post-comment","13":"has-post-author","14":"","15":"fullcover","17":"first","18":"instock","19":"taxable","20":"shipping-taxable","21":"purchasable","22":"product-type-simple"},"builder_content":"","_links":{"self":[{"href":"https:\/\/www.zoneconcept.ro\/index.php\/wp-json\/wp\/v2\/product\/6022"}],"collection":[{"href":"https:\/\/www.zoneconcept.ro\/index.php\/wp-json\/wp\/v2\/product"}],"about":[{"href":"https:\/\/www.zoneconcept.ro\/index.php\/wp-json\/wp\/v2\/types\/product"}],"replies":[{"embeddable":true,"href":"https:\/\/www.zoneconcept.ro\/index.php\/wp-json\/wp\/v2\/comments?post=6022"}],"wp:featuredmedia":[{"embeddable":true,"href":"https:\/\/www.zoneconcept.ro\/index.php\/wp-json\/wp\/v2\/media\/6023"}],"wp:attachment":[{"href":"https:\/\/www.zoneconcept.ro\/index.php\/wp-json\/wp\/v2\/media?parent=6022"}],"wp:term":[{"taxonomy":"product_cat","embeddable":true,"href":"https:\/\/www.zoneconcept.ro\/index.php\/wp-json\/wp\/v2\/product_cat?post=6022"},{"taxonomy":"product_tag","embeddable":true,"href":"https:\/\/www.zoneconcept.ro\/index.php\/wp-json\/wp\/v2\/product_tag?post=6022"}],"curies":[{"name":"wp","href":"https:\/\/api.w.org\/{rel}","templated":true}]}}