{"id":6028,"date":"2019-05-21T14:55:02","date_gmt":"2019-05-21T14:55:02","guid":{"rendered":"https:\/\/www.zoneconcept.ro\/?post_type=product&#038;p=6028"},"modified":"2026-03-31T09:02:08","modified_gmt":"2026-03-31T09:02:08","slug":"milk_shake-energizing-blend-shampoo-1000-ml","status":"publish","type":"product","link":"https:\/\/www.zoneconcept.ro\/index.php\/produs\/milk_shake-energizing-blend-shampoo-1000-ml\/","title":{"rendered":"milk_shake\u00ae energizing blend shampoo &#8211; 1000 ml"},"content":{"rendered":"<!--themify_builder_content-->\n<div id=\"themify_builder_content-6028\" data-postid=\"6028\" class=\"themify_builder_content themify_builder_content-6028 themify_builder tf_clear\">\n    <\/div>\n<!--\/themify_builder_content-->\n","protected":false},"excerpt":{"rendered":"<p><b>Milk_shake energizing blend shampoo<\/b><\/p>\n<p>1000 ml<\/p>\n<p><img loading=\"lazy\" decoding=\"async\" class=\"alignnone size-full wp-image-4715\" src=\"http:\/\/conceptcosmetics.ro\/beta\/wp-content\/uploads\/2014\/08\/logo1.gif\" alt=\"logo\" width=\"274\" height=\"41\" \/><\/p>\n<p>\u0218ampon pentru p\u0103r sub\u021bire \u0219i fragil. Cur\u0103\u021b\u0103 delicat f\u0103r\u0103 s\u0103 afecteze scalpul sau firul de p\u0103r, oferind catifelare.<\/p>\n<p>Puterile naturale ale rozmarinului organic, a salviei \u0219i formula special\u0103 Fioravanti (ingredient ob\u021binut din 10 plante) cur\u0103\u021b\u0103 \u0219i fortific\u0103 p\u0103rul, stimul\u00e2nd microcircula\u021bia scalpului. Cele din urm\u0103 oferind un mediu optim cre\u0219terii p\u0103rului. Amestecul de plante \u00eent\u0103re\u0219te firul de p\u0103r oferindu-i catifelare iar pantenolul ofer\u0103 mai mult\u0103 densitate p\u0103rului. Uleiurile esen\u021biale \u0219i eucaliptul din compozi\u021bia acestuia insufl\u0103 un sentiment pl\u0103cut la atingere, l\u0103s\u00e2nd scalpul curat.<\/p>\n","protected":false},"featured_media":6029,"comment_status":"open","ping_status":"closed","template":"","meta":[],"product_cat":[26],"product_tag":[29],"class_list":{"0":"post-6028","1":"product","2":"type-product","3":"status-publish","4":"has-post-thumbnail","6":"product_cat-shampoo","7":"product_tag-milk_shake","8":"has-post-title","9":"has-post-date","10":"has-post-category","11":"has-post-tag","12":"has-post-comment","13":"has-post-author","14":"","15":"fullcover","17":"first","18":"instock","19":"taxable","20":"shipping-taxable","21":"purchasable","22":"product-type-simple"},"builder_content":"","_links":{"self":[{"href":"https:\/\/www.zoneconcept.ro\/index.php\/wp-json\/wp\/v2\/product\/6028"}],"collection":[{"href":"https:\/\/www.zoneconcept.ro\/index.php\/wp-json\/wp\/v2\/product"}],"about":[{"href":"https:\/\/www.zoneconcept.ro\/index.php\/wp-json\/wp\/v2\/types\/product"}],"replies":[{"embeddable":true,"href":"https:\/\/www.zoneconcept.ro\/index.php\/wp-json\/wp\/v2\/comments?post=6028"}],"wp:featuredmedia":[{"embeddable":true,"href":"https:\/\/www.zoneconcept.ro\/index.php\/wp-json\/wp\/v2\/media\/6029"}],"wp:attachment":[{"href":"https:\/\/www.zoneconcept.ro\/index.php\/wp-json\/wp\/v2\/media?parent=6028"}],"wp:term":[{"taxonomy":"product_cat","embeddable":true,"href":"https:\/\/www.zoneconcept.ro\/index.php\/wp-json\/wp\/v2\/product_cat?post=6028"},{"taxonomy":"product_tag","embeddable":true,"href":"https:\/\/www.zoneconcept.ro\/index.php\/wp-json\/wp\/v2\/product_tag?post=6028"}],"curies":[{"name":"wp","href":"https:\/\/api.w.org\/{rel}","templated":true}]}}