{"id":6030,"date":"2019-05-21T14:57:11","date_gmt":"2019-05-21T14:57:11","guid":{"rendered":"https:\/\/www.zoneconcept.ro\/?post_type=product&#038;p=6030"},"modified":"2026-03-31T09:01:26","modified_gmt":"2026-03-31T09:01:26","slug":"milk_shake-energizing-blend-cond-1000-ml","status":"publish","type":"product","link":"https:\/\/www.zoneconcept.ro\/index.php\/produs\/milk_shake-energizing-blend-cond-1000-ml\/","title":{"rendered":"milk_shake\u00ae Energizing blend cond. 1000 ml"},"content":{"rendered":"<!--themify_builder_content-->\n<div id=\"themify_builder_content-6030\" data-postid=\"6030\" class=\"themify_builder_content themify_builder_content-6030 themify_builder tf_clear\">\n    <\/div>\n<!--\/themify_builder_content-->\n","protected":false},"excerpt":{"rendered":"<p><b>Milk_shake energizing blend conditioner, 1000 ml<\/b><\/p>\n<p><a href=\"http:\/\/conceptcosmetics.ro\/beta\/wp-content\/uploads\/2014\/08\/logo1.gif\"><img loading=\"lazy\" decoding=\"async\" class=\"alignnone size-full wp-image-4715\" src=\"http:\/\/conceptcosmetics.ro\/beta\/wp-content\/uploads\/2014\/08\/logo1.gif\" alt=\"logo\" width=\"274\" height=\"41\" \/><\/a><\/p>\n<p>Balsam pentru p\u0103r fin, str\u0103lucitor \u0219i fragil. Hidrateaz\u0103 delicat \u0219i ofer\u0103 catifelare p\u0103rului f\u0103r\u0103 s\u0103 dea senza\u021bia de \u00eenc\u0103rcare.<\/p>\n<p>Balsamul cur\u0103t\u0103 p\u0103rul prin puterile naturale ale rozmarinului organic, salvie \u0219i balsamul Fioravanti. Fortific\u0103 p\u0103rul \u0219i stimuleaz\u0103 microcircula\u021bia scalpului pentru a crea un mediu optim cre\u0219terii p\u0103rului. Amestecul de plante \u00eent\u0103re\u0219te firul de p\u0103r oferindu-i catifelare iar pantenolul ofer\u0103 mai mult\u0103 densitate p\u0103rului. Uleiurile esen\u021biale \u0219i eucaliptul din compozi\u021bia acestuia insufl\u0103 un sentiment pl\u0103cut la atingere, l\u0103s\u00e2nd scalpul curat.<\/p>\n","protected":false},"featured_media":6474,"comment_status":"open","ping_status":"closed","template":"","meta":[],"product_cat":[27],"product_tag":[29],"class_list":{"0":"post-6030","1":"product","2":"type-product","3":"status-publish","4":"has-post-thumbnail","6":"product_cat-conditioner","7":"product_tag-milk_shake","8":"has-post-title","9":"has-post-date","10":"has-post-category","11":"has-post-tag","12":"has-post-comment","13":"has-post-author","14":"","15":"fullcover","17":"first","18":"instock","19":"taxable","20":"shipping-taxable","21":"purchasable","22":"product-type-simple"},"builder_content":"","_links":{"self":[{"href":"https:\/\/www.zoneconcept.ro\/index.php\/wp-json\/wp\/v2\/product\/6030"}],"collection":[{"href":"https:\/\/www.zoneconcept.ro\/index.php\/wp-json\/wp\/v2\/product"}],"about":[{"href":"https:\/\/www.zoneconcept.ro\/index.php\/wp-json\/wp\/v2\/types\/product"}],"replies":[{"embeddable":true,"href":"https:\/\/www.zoneconcept.ro\/index.php\/wp-json\/wp\/v2\/comments?post=6030"}],"wp:featuredmedia":[{"embeddable":true,"href":"https:\/\/www.zoneconcept.ro\/index.php\/wp-json\/wp\/v2\/media\/6474"}],"wp:attachment":[{"href":"https:\/\/www.zoneconcept.ro\/index.php\/wp-json\/wp\/v2\/media?parent=6030"}],"wp:term":[{"taxonomy":"product_cat","embeddable":true,"href":"https:\/\/www.zoneconcept.ro\/index.php\/wp-json\/wp\/v2\/product_cat?post=6030"},{"taxonomy":"product_tag","embeddable":true,"href":"https:\/\/www.zoneconcept.ro\/index.php\/wp-json\/wp\/v2\/product_tag?post=6030"}],"curies":[{"name":"wp","href":"https:\/\/api.w.org\/{rel}","templated":true}]}}