{"id":6061,"date":"2019-05-22T07:38:57","date_gmt":"2019-05-22T07:38:57","guid":{"rendered":"https:\/\/www.zoneconcept.ro\/?post_type=product&#038;p=6061"},"modified":"2026-03-31T11:25:30","modified_gmt":"2026-03-31T11:25:30","slug":"integrity-intensiv-treatment-500-ml","status":"publish","type":"product","link":"https:\/\/www.zoneconcept.ro\/index.php\/produs\/integrity-intensiv-treatment-500-ml\/","title":{"rendered":"Integrity intensiv treatment &#8211; 500 ml"},"content":{"rendered":"","protected":false},"excerpt":{"rendered":"<div class=\"\">\n<div class=\"\">\n<div id=\"yiv3068796739\" class=\"\">\n<div id=\"yui_3_16_0_ym19_1_1470749007504_4671\" class=\"\">\n<div id=\"yui_3_16_0_ym19_1_1470749007504_4670\" class=\"\">\n<div id=\"yiv3068796739yui_3_16_0_ym19_1_1470294031213_12480\" class=\"\">INTEGRITY NOURISHING TREATMENT, 500 ml.<\/div>\n<\/div>\n<\/div>\n<\/div>\n<\/div>\n<\/div>\n<div class=\"\"><\/div>\n<p><a href=\"http:\/\/conceptcosmetics.ro\/beta\/wp-content\/uploads\/2014\/08\/logo1.gif\"><img loading=\"lazy\" decoding=\"async\" class=\"alignnone size-full wp-image-4715\" src=\"http:\/\/conceptcosmetics.ro\/beta\/wp-content\/uploads\/2014\/08\/logo1.gif\" alt=\"logo\" width=\"274\" height=\"41\" \/><\/a><\/p>\n<p>Tratament restructurant, confer\u0103 hidratare intensiv\u0103, recomandat pentru toate tipurile de p\u0103r.<\/p>\n<div class=\"\">\n<div class=\"\">\n<div id=\"yui_3_16_0_ym19_1_1471496065626_10083\" class=\"\" dir=\"ltr\">Con\u021bine unt organic din arborele Muru Muru \u0219i un complex de amioacizi, ingrediente, \u00a0care \u00eempreun\u0103 repar\u0103 firul de p\u0103r degradat, hidrateaz\u0103 \u00een profunzime, ajut\u0103 la men\u021binerea culorii \u00een interiorul firului de p\u0103r \u0219i elimin\u0103 electrizarea. Aminacizii \u00a0\u00eenlocuiesc proteinele din interiorul firului de p\u0103r, care s-au pierdut cu ocazia procedeelor de colorare sau decolorare, iar Untul de Muru Muru sigileaz\u0103 cuticula \u0219i las\u0103 p\u0103rul hidratat, catifelat \u0219i str\u0103lucitor.<\/div>\n<div class=\"\" dir=\"ltr\"><\/div>\n<div id=\"yui_3_16_0_ym19_1_1471496065626_10171\" class=\"\" dir=\"ltr\">Un produs minunat pentru p\u0103rul uscat \u0219i degradat.<\/div>\n<\/div>\n<div class=\"\" dir=\"ltr\"><\/div>\n<div class=\"\" dir=\"ltr\">Recomand\u0103m achizi\u021bionarea produselor \u00een saloanele de \u00eenfrumuse\u021bare pentru a beneficia \u0219i de consultan\u021b\u0103 gratuit\u0103. V\u0103 rug\u0103m s\u0103 ne contacta\u021bi pentru a v\u0103 comunica lista saloanelor din zona Dumneavoastr\u0103.<\/div>\n<\/div>\n","protected":false},"featured_media":8596,"comment_status":"open","ping_status":"closed","template":"","meta":[],"product_cat":[41,28],"product_tag":[29],"class_list":{"0":"post-6061","1":"product","2":"type-product","3":"status-publish","4":"has-post-thumbnail","6":"product_cat-hidratare-intensiva","7":"product_cat-tratamente","8":"product_tag-milk_shake","9":"has-post-title","10":"has-post-date","11":"has-post-category","12":"has-post-tag","13":"has-post-comment","14":"has-post-author","15":"","16":"fullcover","18":"first","19":"instock","20":"taxable","21":"shipping-taxable","22":"purchasable","23":"product-type-simple"},"builder_content":"","_links":{"self":[{"href":"https:\/\/www.zoneconcept.ro\/index.php\/wp-json\/wp\/v2\/product\/6061"}],"collection":[{"href":"https:\/\/www.zoneconcept.ro\/index.php\/wp-json\/wp\/v2\/product"}],"about":[{"href":"https:\/\/www.zoneconcept.ro\/index.php\/wp-json\/wp\/v2\/types\/product"}],"replies":[{"embeddable":true,"href":"https:\/\/www.zoneconcept.ro\/index.php\/wp-json\/wp\/v2\/comments?post=6061"}],"wp:featuredmedia":[{"embeddable":true,"href":"https:\/\/www.zoneconcept.ro\/index.php\/wp-json\/wp\/v2\/media\/8596"}],"wp:attachment":[{"href":"https:\/\/www.zoneconcept.ro\/index.php\/wp-json\/wp\/v2\/media?parent=6061"}],"wp:term":[{"taxonomy":"product_cat","embeddable":true,"href":"https:\/\/www.zoneconcept.ro\/index.php\/wp-json\/wp\/v2\/product_cat?post=6061"},{"taxonomy":"product_tag","embeddable":true,"href":"https:\/\/www.zoneconcept.ro\/index.php\/wp-json\/wp\/v2\/product_tag?post=6061"}],"curies":[{"name":"wp","href":"https:\/\/api.w.org\/{rel}","templated":true}]}}