{"id":6186,"date":"2019-08-29T10:51:30","date_gmt":"2019-08-29T10:51:30","guid":{"rendered":"https:\/\/www.zoneconcept.ro\/?post_type=product&#038;p=6186"},"modified":"2025-04-30T12:29:08","modified_gmt":"2025-04-30T12:29:08","slug":"age-benefit-moisturizing-whiteness-shampoo","status":"publish","type":"product","link":"https:\/\/www.zoneconcept.ro\/index.php\/produs\/age-benefit-moisturizing-whiteness-shampoo\/","title":{"rendered":"age benefit &#038; moisturizing whiteness shampoo"},"content":{"rendered":"<!--themify_builder_content-->\n<div id=\"themify_builder_content-6186\" data-postid=\"6186\" class=\"themify_builder_content themify_builder_content-6186 themify_builder tf_clear\">\n    <\/div>\n<!--\/themify_builder_content-->\n","protected":false},"excerpt":{"rendered":"<p>250ml<\/p>\n<p>\u0218ampon destinat p\u0103rului alb, gri sau decolorat<\/p>\n<p>O formul\u0103 delicat\u0103, f\u0103r\u0103 sulfa\u021bi, care cur\u0103\u021b\u0103 bl\u00e2nd cu o ac\u021biune precis\u0103. Formul\u0103 cu pigmen\u021bi de culoare albastru-violet care neutralizeaz\u0103 tonurile aurii sau de alam\u0103. De asemenea, con\u021bine acid hialuronic, un filtru UV, proteine \u0219i ingrediente active specifice plantelor, cu propriet\u0103\u021bi antioxidante, protectoare \u0219i hidratante.<\/p>\n<p><b>Ingrediente active: <\/b>filtre UV, glicozaminoglicani hidroliza\u021bi, extract de boabe de goji, acid hialuronic, ap\u0103 cu frunze de nalb\u0103, extract de afine, pigment violet specific, proteine din orez, ulei din semin\u021be de struguri.<\/p>\n<p><b>Mod de utilizare: <\/b>distribui\u021bi uniform pe scalpul umed \u0219i masa\u021bi u\u0219or. \u00cen func\u021bie de porozitatea p\u0103rului, l\u0103sa\u021bi timp de 1 p\u00e2n\u0103 la 5 minute pentru a permite ac\u021biunea ingredientelor active, apoi cl\u0103ti\u021bi. Evita\u021bi s\u0103 l\u0103sa\u021bi produsul \u00een p\u0103r atunci c\u00e2nd acesta este foarte poros. Repeta\u021bi dac\u0103 este necesar.<\/p>\n","protected":false},"featured_media":6185,"comment_status":"open","ping_status":"closed","template":"","meta":[],"product_cat":[75],"product_tag":[],"class_list":{"0":"post-6186","1":"product","2":"type-product","3":"status-publish","4":"has-post-thumbnail","6":"product_cat-age-benefit-moisturizing","7":"has-post-title","8":"has-post-date","9":"has-post-category","10":"has-post-tag","11":"has-post-comment","12":"has-post-author","13":"","14":"fullcover","16":"first","17":"instock","18":"taxable","19":"shipping-taxable","20":"purchasable","21":"product-type-simple"},"builder_content":"","_links":{"self":[{"href":"https:\/\/www.zoneconcept.ro\/index.php\/wp-json\/wp\/v2\/product\/6186"}],"collection":[{"href":"https:\/\/www.zoneconcept.ro\/index.php\/wp-json\/wp\/v2\/product"}],"about":[{"href":"https:\/\/www.zoneconcept.ro\/index.php\/wp-json\/wp\/v2\/types\/product"}],"replies":[{"embeddable":true,"href":"https:\/\/www.zoneconcept.ro\/index.php\/wp-json\/wp\/v2\/comments?post=6186"}],"wp:featuredmedia":[{"embeddable":true,"href":"https:\/\/www.zoneconcept.ro\/index.php\/wp-json\/wp\/v2\/media\/6185"}],"wp:attachment":[{"href":"https:\/\/www.zoneconcept.ro\/index.php\/wp-json\/wp\/v2\/media?parent=6186"}],"wp:term":[{"taxonomy":"product_cat","embeddable":true,"href":"https:\/\/www.zoneconcept.ro\/index.php\/wp-json\/wp\/v2\/product_cat?post=6186"},{"taxonomy":"product_tag","embeddable":true,"href":"https:\/\/www.zoneconcept.ro\/index.php\/wp-json\/wp\/v2\/product_tag?post=6186"}],"curies":[{"name":"wp","href":"https:\/\/api.w.org\/{rel}","templated":true}]}}