{"id":6722,"date":"2020-07-17T14:37:38","date_gmt":"2020-07-17T14:37:38","guid":{"rendered":"https:\/\/www.zoneconcept.ro\/?post_type=product&#038;p=6722"},"modified":"2025-03-12T08:00:22","modified_gmt":"2025-03-12T08:00:22","slug":"detoxifying-shampoo-2","status":"publish","type":"product","link":"https:\/\/www.zoneconcept.ro\/index.php\/produs\/detoxifying-shampoo-2\/","title":{"rendered":"detoxifying shampoo"},"content":{"rendered":"","protected":false},"excerpt":{"rendered":"<p><span style=\"color: #333333;\">\u0219ampon detoxifiant pentru toate tipurile de p\u0103r<br \/>\n<\/span><span style=\"color: #ff0000;\">1000 ml<\/span><span style=\"color: #333333;\"><br \/>\n<\/span><span style=\"color: #333333;\"><br \/>\n\u0218ampon de ultim\u0103 genera\u021bie cu ac\u021biune specific\u0103 de detoxifiere \u0219i cur\u0103\u021bare. O formul\u0103 delicat\u0103, f\u0103r\u0103 SLS \u0219i SLES, av\u00e2nd la baz\u0103 extract de propolis, o substan\u021b\u0103 natural\u0103 pe care albinele o produc pentru a-\u0219i proteja stupul de boli. Propolisul este recunoscut pentru propriet\u0103\u021bile sale antibacteriene \u0219i reparatoare, dar \u0219i pentru calitatea sa de regenerare \u0219i antioxidant.<\/span><\/p>\n<p><b>Ingrediente active:<\/b><\/p>\n<p>ulei esen\u021bial de bergamot, extract de equisetum, eucalipt, acid lactic, ulei esen\u021bial de lavand\u0103, ulei esen\u021bial de ment\u0103, extract de grapefruit, extract de propolis, saccharide isomerate, ulei esen\u021bial de salvie, extract de p\u0103p\u0103die, extract de cimbrisor, extract de ghimbir.<\/p>\n<p><b>Utilizare:<\/b><\/p>\n<p>distribui\u021bi uniform pe scalpul umed \u0219i s\u0103puni\u021bi cu grij\u0103. L\u0103sa\u021bi 2-3 minute pentru a permite ingredientelor s\u0103 ac\u021bioneze apoi cl\u0103ti\u021bi. Repeta\u021bi dac\u0103 e necesar.<\/p>\n","protected":false},"featured_media":6723,"comment_status":"open","ping_status":"closed","template":"","meta":[],"product_cat":[79,67],"product_tag":[],"class_list":{"0":"post-6722","1":"product","2":"type-product","3":"status-publish","4":"has-post-thumbnail","6":"product_cat-detoxifying","7":"product_cat-simply-zen","8":"has-post-title","9":"has-post-date","10":"has-post-category","11":"has-post-tag","12":"has-post-comment","13":"has-post-author","14":"","15":"fullcover","17":"first","18":"outofstock","19":"taxable","20":"shipping-taxable","21":"purchasable","22":"product-type-simple"},"builder_content":"","_links":{"self":[{"href":"https:\/\/www.zoneconcept.ro\/index.php\/wp-json\/wp\/v2\/product\/6722"}],"collection":[{"href":"https:\/\/www.zoneconcept.ro\/index.php\/wp-json\/wp\/v2\/product"}],"about":[{"href":"https:\/\/www.zoneconcept.ro\/index.php\/wp-json\/wp\/v2\/types\/product"}],"replies":[{"embeddable":true,"href":"https:\/\/www.zoneconcept.ro\/index.php\/wp-json\/wp\/v2\/comments?post=6722"}],"wp:featuredmedia":[{"embeddable":true,"href":"https:\/\/www.zoneconcept.ro\/index.php\/wp-json\/wp\/v2\/media\/6723"}],"wp:attachment":[{"href":"https:\/\/www.zoneconcept.ro\/index.php\/wp-json\/wp\/v2\/media?parent=6722"}],"wp:term":[{"taxonomy":"product_cat","embeddable":true,"href":"https:\/\/www.zoneconcept.ro\/index.php\/wp-json\/wp\/v2\/product_cat?post=6722"},{"taxonomy":"product_tag","embeddable":true,"href":"https:\/\/www.zoneconcept.ro\/index.php\/wp-json\/wp\/v2\/product_tag?post=6722"}],"curies":[{"name":"wp","href":"https:\/\/api.w.org\/{rel}","templated":true}]}}