{"id":6725,"date":"2020-07-17T14:42:43","date_gmt":"2020-07-17T14:42:43","guid":{"rendered":"https:\/\/www.zoneconcept.ro\/?post_type=product&#038;p=6725"},"modified":"2025-04-30T12:32:54","modified_gmt":"2025-04-30T12:32:54","slug":"detoxifying-leave-in-treatment","status":"publish","type":"product","link":"https:\/\/www.zoneconcept.ro\/index.php\/produs\/detoxifying-leave-in-treatment\/","title":{"rendered":"detoxifying leave in treatment"},"content":{"rendered":"<!--themify_builder_content-->\n<div id=\"themify_builder_content-6725\" data-postid=\"6725\" class=\"themify_builder_content themify_builder_content-6725 themify_builder tf_clear\">\n    <\/div>\n<!--\/themify_builder_content-->\n","protected":false},"excerpt":{"rendered":"<p><span style=\"color: #333333;\">tratament detoxifiant f\u0103r\u0103 cl\u0103tire<br \/>\n<\/span><span style=\"color: #ff0000;\">100 ml<\/span><\/p>\n<p>Formula special\u0103 de tratament f\u0103r\u0103 cl\u0103tire, creat\u0103 s\u0103 protejeze, hidrateze \u0219i echilibreze scalpul p\u00e2n\u0103 la urm\u0103toarea cur\u0103\u021bare.Formula are la baz\u0103 extract de propolis, o substan\u021b\u0103 natural\u0103 pe care albinele o produc pentru a-\u0219i proteja stupul de boli. Propolisul este recunoscut pentru propriet\u0103\u021bile sale antibacteriene \u0219i reparatoare, dar \u0219i pentru calitatea sa de regenerare \u0219i antioxidant.<\/p>\n<p><b>Ingrediente active:<\/b><\/p>\n<p>ulei esen\u021bial de bergamot, extract de equisetum, eucalipt, acid lactic, ulei esen\u021bial de lavand\u0103, ulei esen\u021bial de ment\u0103, extract de grapefruit, extract de propolis, saccharide isomerate, ulei esen\u021bial de salvie, extract de p\u0103p\u0103die, extract de cimbrisor, extract de ghimbir.<\/p>\n<p><b>Utilizare:<\/b> pulveriza\u021bi pe scalpul curat \u0219i masa\u021bi pentru a se distribui uniform. Nu cl\u0103ti\u021bi \u0219i continua\u021bi cu stylingul dorit.<\/p>\n","protected":false},"featured_media":6726,"comment_status":"open","ping_status":"closed","template":"","meta":[],"product_cat":[65,79,67],"product_tag":[],"class_list":{"0":"post-6725","1":"product","2":"type-product","3":"status-publish","4":"has-post-thumbnail","6":"product_cat-fara-categorie","7":"product_cat-detoxifying","8":"product_cat-simply-zen","9":"has-post-title","10":"has-post-date","11":"has-post-category","12":"has-post-tag","13":"has-post-comment","14":"has-post-author","15":"","16":"fullcover","18":"first","19":"instock","20":"taxable","21":"shipping-taxable","22":"purchasable","23":"product-type-simple"},"builder_content":"","_links":{"self":[{"href":"https:\/\/www.zoneconcept.ro\/index.php\/wp-json\/wp\/v2\/product\/6725"}],"collection":[{"href":"https:\/\/www.zoneconcept.ro\/index.php\/wp-json\/wp\/v2\/product"}],"about":[{"href":"https:\/\/www.zoneconcept.ro\/index.php\/wp-json\/wp\/v2\/types\/product"}],"replies":[{"embeddable":true,"href":"https:\/\/www.zoneconcept.ro\/index.php\/wp-json\/wp\/v2\/comments?post=6725"}],"wp:featuredmedia":[{"embeddable":true,"href":"https:\/\/www.zoneconcept.ro\/index.php\/wp-json\/wp\/v2\/media\/6726"}],"wp:attachment":[{"href":"https:\/\/www.zoneconcept.ro\/index.php\/wp-json\/wp\/v2\/media?parent=6725"}],"wp:term":[{"taxonomy":"product_cat","embeddable":true,"href":"https:\/\/www.zoneconcept.ro\/index.php\/wp-json\/wp\/v2\/product_cat?post=6725"},{"taxonomy":"product_tag","embeddable":true,"href":"https:\/\/www.zoneconcept.ro\/index.php\/wp-json\/wp\/v2\/product_tag?post=6725"}],"curies":[{"name":"wp","href":"https:\/\/api.w.org\/{rel}","templated":true}]}}