{"id":6762,"date":"2020-07-17T15:25:40","date_gmt":"2020-07-17T15:25:40","guid":{"rendered":"https:\/\/www.zoneconcept.ro\/?post_type=product&#038;p=6762"},"modified":"2026-03-31T08:52:28","modified_gmt":"2026-03-31T08:52:28","slug":"moisture-more-lotion","status":"publish","type":"product","link":"https:\/\/www.zoneconcept.ro\/index.php\/produs\/moisture-more-lotion\/","title":{"rendered":"milk_shake\u00ae moisture &#038; more LOTION"},"content":{"rendered":"","protected":false},"excerpt":{"rendered":"<p><span style=\"color: #333333;\"><b>6 x 12 ml<\/b><\/span><\/p>\n<p>Lo\u021biune concentrat\u0103 destinat\u0103 p\u0103rului uscat \u0219i degradat, men\u021bine nivelul optim de hidratare a p\u0103rului, l\u0103s\u00e2ndu-l catifelat \u0219i u\u0219or de aranjat. P\u0103rul devine s\u0103n\u0103tos, moale \u0219i str\u0103lucitor. Con\u021bine extract de papaya organic, Integrity 41\u00ae\u00a0 \u0219i acid hialuronic cu ac\u021biune anti-\u00eemb\u0103tr\u00e2nire, pentru protejarea culorii.<\/p>\n<p><b>Ingrediente active<br \/>\n<\/b><br \/>\nExtract de c\u0103p\u0219uni, goji berry, acid hialuronic, Integrity 41\u00ae (extract hidroglicolic din semin\u021be de floarea soarelui, bogat \u00een antioxidan\u021bi), proteine din lapte, extract de papaya, proteine din quinoa \u0219i orez, GAG (Glycosaminoglycans).<\/p>\n<p><b>Mod de utilizare:<br \/>\n<\/b><br \/>\nDistribui\u021bi uniform con\u021binutul unui tub pe p\u0103rul proasp\u0103t sp\u0103lat \u0219i uscat cu prosopul, insist\u00e2nd pe lungimi \u0219i v\u00e2rfuri. L\u0103sa\u021bi s\u0103 ac\u021bioneze 3-5 minute. Cl\u0103ti\u021bi \u0219i continua\u021bi cu stylingul dorit.<\/p>\n","protected":false},"featured_media":9283,"comment_status":"open","ping_status":"closed","template":"","meta":[],"product_cat":[28],"product_tag":[29],"class_list":{"0":"post-6762","1":"product","2":"type-product","3":"status-publish","4":"has-post-thumbnail","6":"product_cat-tratamente","7":"product_tag-milk_shake","8":"has-post-title","9":"has-post-date","10":"has-post-category","11":"has-post-tag","12":"has-post-comment","13":"has-post-author","14":"","15":"fullcover","17":"first","18":"instock","19":"taxable","20":"shipping-taxable","21":"purchasable","22":"product-type-simple"},"builder_content":"","_links":{"self":[{"href":"https:\/\/www.zoneconcept.ro\/index.php\/wp-json\/wp\/v2\/product\/6762"}],"collection":[{"href":"https:\/\/www.zoneconcept.ro\/index.php\/wp-json\/wp\/v2\/product"}],"about":[{"href":"https:\/\/www.zoneconcept.ro\/index.php\/wp-json\/wp\/v2\/types\/product"}],"replies":[{"embeddable":true,"href":"https:\/\/www.zoneconcept.ro\/index.php\/wp-json\/wp\/v2\/comments?post=6762"}],"wp:featuredmedia":[{"embeddable":true,"href":"https:\/\/www.zoneconcept.ro\/index.php\/wp-json\/wp\/v2\/media\/9283"}],"wp:attachment":[{"href":"https:\/\/www.zoneconcept.ro\/index.php\/wp-json\/wp\/v2\/media?parent=6762"}],"wp:term":[{"taxonomy":"product_cat","embeddable":true,"href":"https:\/\/www.zoneconcept.ro\/index.php\/wp-json\/wp\/v2\/product_cat?post=6762"},{"taxonomy":"product_tag","embeddable":true,"href":"https:\/\/www.zoneconcept.ro\/index.php\/wp-json\/wp\/v2\/product_tag?post=6762"}],"curies":[{"name":"wp","href":"https:\/\/api.w.org\/{rel}","templated":true}]}}