{"id":7179,"date":"2021-03-30T13:23:52","date_gmt":"2021-03-30T13:23:52","guid":{"rendered":"https:\/\/www.zoneconcept.ro\/?post_type=product&#038;p=7179"},"modified":"2026-04-01T19:04:23","modified_gmt":"2026-04-01T19:04:23","slug":"milk_shake-strong-hairspray","status":"publish","type":"product","link":"https:\/\/www.zoneconcept.ro\/index.php\/produs\/milk_shake-strong-hairspray\/","title":{"rendered":"milk_shake strong hairspray"},"content":{"rendered":"","protected":false},"excerpt":{"rendered":"<p><span style=\"color: #333333;\"><b>spray cu fixare puternic\u0103 pentru p\u0103r vopsit<\/b><br \/>\nSprayul cu fixare puternic\u0103 are o formul\u0103 ce confer\u0103 structur\u0103, \u021binut\u0103 \u0219i rezisten\u021b\u0103 de durat\u0103, f\u0103r\u0103 a elimina mi\u0219c\u0103rile naturale ale p\u0103rului. Ofer\u0103 volum \u0219i str\u0103lucire \u0219i nu llipe\u0219te p\u0103rul. Con\u021bine filtru UV \u0219i proteine de quinoa pentru fixarea culorii, protej\u00e2nd p\u0103rul vopsit. Efectul final este vibrant, intens \u0219i str\u0103lucitor.<\/span><\/p>\n","protected":false},"featured_media":8594,"comment_status":"open","ping_status":"closed","template":"","meta":[],"product_cat":[31],"product_tag":[],"class_list":{"0":"post-7179","1":"product","2":"type-product","3":"status-publish","4":"has-post-thumbnail","6":"product_cat-styling","7":"has-post-title","8":"has-post-date","9":"has-post-category","10":"has-post-tag","11":"has-post-comment","12":"has-post-author","13":"","14":"fullcover","16":"first","17":"instock","18":"sale","19":"taxable","20":"shipping-taxable","21":"purchasable","22":"product-type-simple"},"builder_content":"","_links":{"self":[{"href":"https:\/\/www.zoneconcept.ro\/index.php\/wp-json\/wp\/v2\/product\/7179"}],"collection":[{"href":"https:\/\/www.zoneconcept.ro\/index.php\/wp-json\/wp\/v2\/product"}],"about":[{"href":"https:\/\/www.zoneconcept.ro\/index.php\/wp-json\/wp\/v2\/types\/product"}],"replies":[{"embeddable":true,"href":"https:\/\/www.zoneconcept.ro\/index.php\/wp-json\/wp\/v2\/comments?post=7179"}],"wp:featuredmedia":[{"embeddable":true,"href":"https:\/\/www.zoneconcept.ro\/index.php\/wp-json\/wp\/v2\/media\/8594"}],"wp:attachment":[{"href":"https:\/\/www.zoneconcept.ro\/index.php\/wp-json\/wp\/v2\/media?parent=7179"}],"wp:term":[{"taxonomy":"product_cat","embeddable":true,"href":"https:\/\/www.zoneconcept.ro\/index.php\/wp-json\/wp\/v2\/product_cat?post=7179"},{"taxonomy":"product_tag","embeddable":true,"href":"https:\/\/www.zoneconcept.ro\/index.php\/wp-json\/wp\/v2\/product_tag?post=7179"}],"curies":[{"name":"wp","href":"https:\/\/api.w.org\/{rel}","templated":true}]}}