{"id":7701,"date":"2022-04-05T14:38:31","date_gmt":"2022-04-05T14:38:31","guid":{"rendered":"https:\/\/www.zoneconcept.ro\/?post_type=product&#038;p=7701"},"modified":"2026-03-31T12:10:23","modified_gmt":"2026-03-31T12:10:23","slug":"milk_shake-thermo-protector","status":"publish","type":"product","link":"https:\/\/www.zoneconcept.ro\/index.php\/produs\/milk_shake-thermo-protector\/","title":{"rendered":"milk_shake thermo-protector"},"content":{"rendered":"","protected":false},"excerpt":{"rendered":"<p><span style=\"color: #333333;\"><b>protec\u021bie pentru p\u0103r \u00eempotriva c\u0103ldurii<\/b><br \/>\n200 ml<\/span><\/p>\n<p>O formul\u0103 ultra rafinat\u0103, creat\u0103 pentru a proteja firul de p\u0103r de efectele c\u0103ldurii degajate la uscarea \u0219i aranjarea cu foenul, placa de \u00eentins sau ondulatorul. Se pulverizeaz\u0103 de la o distan\u021b\u0103 de 20-30 cm pe p\u0103rul curat, uscat cu prosposul, pornind de la r\u0103d\u0103cin\u0103 c\u0103tre v\u00e2rf. Produsul creeaz\u0103 o pelicul\u0103 invizibil\u0103 ce previne v\u00e2rfurile despicate, ruperea sau degradarea p\u0103rului, \u0219i reduce, \u00een acela\u0219i timp, durata de uscare.<\/p>\n","protected":false},"featured_media":9594,"comment_status":"open","ping_status":"closed","template":"","meta":[],"product_cat":[31],"product_tag":[],"class_list":{"0":"post-7701","1":"product","2":"type-product","3":"status-publish","4":"has-post-thumbnail","6":"product_cat-styling","7":"has-post-title","8":"has-post-date","9":"has-post-category","10":"has-post-tag","11":"has-post-comment","12":"has-post-author","13":"","14":"fullcover","16":"first","17":"instock","18":"taxable","19":"shipping-taxable","20":"purchasable","21":"product-type-simple"},"builder_content":"","_links":{"self":[{"href":"https:\/\/www.zoneconcept.ro\/index.php\/wp-json\/wp\/v2\/product\/7701"}],"collection":[{"href":"https:\/\/www.zoneconcept.ro\/index.php\/wp-json\/wp\/v2\/product"}],"about":[{"href":"https:\/\/www.zoneconcept.ro\/index.php\/wp-json\/wp\/v2\/types\/product"}],"replies":[{"embeddable":true,"href":"https:\/\/www.zoneconcept.ro\/index.php\/wp-json\/wp\/v2\/comments?post=7701"}],"wp:featuredmedia":[{"embeddable":true,"href":"https:\/\/www.zoneconcept.ro\/index.php\/wp-json\/wp\/v2\/media\/9594"}],"wp:attachment":[{"href":"https:\/\/www.zoneconcept.ro\/index.php\/wp-json\/wp\/v2\/media?parent=7701"}],"wp:term":[{"taxonomy":"product_cat","embeddable":true,"href":"https:\/\/www.zoneconcept.ro\/index.php\/wp-json\/wp\/v2\/product_cat?post=7701"},{"taxonomy":"product_tag","embeddable":true,"href":"https:\/\/www.zoneconcept.ro\/index.php\/wp-json\/wp\/v2\/product_tag?post=7701"}],"curies":[{"name":"wp","href":"https:\/\/api.w.org\/{rel}","templated":true}]}}