{"id":8147,"date":"2023-01-19T14:51:46","date_gmt":"2023-01-19T14:51:46","guid":{"rendered":"https:\/\/www.zoneconcept.ro\/?post_type=product&#038;p=8147"},"modified":"2026-03-31T08:45:44","modified_gmt":"2026-03-31T08:45:44","slug":"insta-lotion","status":"publish","type":"product","link":"https:\/\/www.zoneconcept.ro\/index.php\/produs\/insta-lotion\/","title":{"rendered":"insta.lotion"},"content":{"rendered":"","protected":false},"excerpt":{"rendered":"<p><strong>masc\u0103 lichid\u0103 pentru p\u0103r str\u0103lucitor \u0219i m\u0103t\u0103sos<\/strong><\/p>\n<p>Tratament cu proteine din lapte,\u00a0 acid hialuronic, extracte de l\u0103m\u00e2ie \u0219i afine. \u00cen doar c\u00e2teva secunde, desc\u00e2lce\u0219te \u0219i hidrateaz\u0103 p\u0103rul, cu efecte instant de str\u0103lucire \u0219i anti-frizz. Textura lichid\u0103 face produsul u\u0219or ca apa \u0219i foarte simplu de aplicat,\u00a0 netezind p\u0103rul \u0219i sigil\u00e2nd cuticulele. Efect de str\u0103lucire ca de oglind\u0103! Ideal pentru p\u0103r vopsit, decolorat sau uscat.<\/p>\n","protected":false},"featured_media":8595,"comment_status":"open","ping_status":"closed","template":"","meta":[],"product_cat":[28],"product_tag":[29],"class_list":{"0":"post-8147","1":"product","2":"type-product","3":"status-publish","4":"has-post-thumbnail","6":"product_cat-tratamente","7":"product_tag-milk_shake","8":"has-post-title","9":"has-post-date","10":"has-post-category","11":"has-post-tag","12":"has-post-comment","13":"has-post-author","14":"","15":"fullcover","17":"first","18":"instock","19":"taxable","20":"shipping-taxable","21":"purchasable","22":"product-type-simple"},"builder_content":"","_links":{"self":[{"href":"https:\/\/www.zoneconcept.ro\/index.php\/wp-json\/wp\/v2\/product\/8147"}],"collection":[{"href":"https:\/\/www.zoneconcept.ro\/index.php\/wp-json\/wp\/v2\/product"}],"about":[{"href":"https:\/\/www.zoneconcept.ro\/index.php\/wp-json\/wp\/v2\/types\/product"}],"replies":[{"embeddable":true,"href":"https:\/\/www.zoneconcept.ro\/index.php\/wp-json\/wp\/v2\/comments?post=8147"}],"wp:featuredmedia":[{"embeddable":true,"href":"https:\/\/www.zoneconcept.ro\/index.php\/wp-json\/wp\/v2\/media\/8595"}],"wp:attachment":[{"href":"https:\/\/www.zoneconcept.ro\/index.php\/wp-json\/wp\/v2\/media?parent=8147"}],"wp:term":[{"taxonomy":"product_cat","embeddable":true,"href":"https:\/\/www.zoneconcept.ro\/index.php\/wp-json\/wp\/v2\/product_cat?post=8147"},{"taxonomy":"product_tag","embeddable":true,"href":"https:\/\/www.zoneconcept.ro\/index.php\/wp-json\/wp\/v2\/product_tag?post=8147"}],"curies":[{"name":"wp","href":"https:\/\/api.w.org\/{rel}","templated":true}]}}