{"id":8202,"date":"2023-02-17T13:45:20","date_gmt":"2023-02-17T13:45:20","guid":{"rendered":"https:\/\/www.zoneconcept.ro\/?post_type=product&#038;p=8202"},"modified":"2025-11-04T15:13:57","modified_gmt":"2025-11-04T15:13:57","slug":"milk_shake-direct-colour-clear-2","status":"publish","type":"product","link":"https:\/\/www.zoneconcept.ro\/index.php\/produs\/milk_shake-direct-colour-clear-2\/","title":{"rendered":"milk_shake Direct Colour &#8211; diferite culori"},"content":{"rendered":"","protected":false},"excerpt":{"rendered":"<p style=\"font-weight: 400;\">100 ml<\/p>\n<p style=\"font-weight: 400;\">Vopsea cosmetic\u0103 pentru color\u0103ri temporare, pentru utilizare acas\u0103 sau \u00een salon. Ideal\u0103 pentru corec\u021bii de culoare \u00eentre vopsiri sau pentru p\u0103r ce ridic\u0103 dificult\u0103\u021bi la colorare.<\/p>\n<p style=\"font-weight: 400;\">Produsul con\u021bine pigmen\u021bi de culoare de foarte bun\u0103 calitate. Este recomandat pentru a re\u00eemprosp\u0103ta nuan\u021ba natural\u0103 a p\u0103rului sau ob\u021binut\u0103 \u00een urma vopsirii, pentru a masca primele fire c\u0103runte sau pentru vopsiri temporare \u00een vederea alegerii ulterioare a unei nuan\u021be finale. Tratamentul <strong>milk_shake\u00ae<\/strong>\u00a0Clear Direct Colour este folosit pentru a reduce intensitatea nuan\u021belor din linia de colorare temporar\u0103 Direct Colour. Amestecat cu culorile din aceast\u0103 gam\u0103 se ob\u021bin nuan\u021be mai pastelate.<\/p>\n","protected":false},"featured_media":8203,"comment_status":"open","ping_status":"closed","template":"","meta":[],"product_cat":[28],"product_tag":[],"class_list":{"0":"post-8202","1":"product","2":"type-product","3":"status-publish","4":"has-post-thumbnail","6":"product_cat-tratamente","7":"has-post-title","8":"has-post-date","9":"has-post-category","10":"has-post-tag","11":"has-post-comment","12":"has-post-author","13":"","14":"fullcover","16":"first","17":"instock","18":"taxable","19":"shipping-taxable","20":"purchasable","21":"product-type-variable"},"builder_content":"","_links":{"self":[{"href":"https:\/\/www.zoneconcept.ro\/index.php\/wp-json\/wp\/v2\/product\/8202"}],"collection":[{"href":"https:\/\/www.zoneconcept.ro\/index.php\/wp-json\/wp\/v2\/product"}],"about":[{"href":"https:\/\/www.zoneconcept.ro\/index.php\/wp-json\/wp\/v2\/types\/product"}],"replies":[{"embeddable":true,"href":"https:\/\/www.zoneconcept.ro\/index.php\/wp-json\/wp\/v2\/comments?post=8202"}],"wp:featuredmedia":[{"embeddable":true,"href":"https:\/\/www.zoneconcept.ro\/index.php\/wp-json\/wp\/v2\/media\/8203"}],"wp:attachment":[{"href":"https:\/\/www.zoneconcept.ro\/index.php\/wp-json\/wp\/v2\/media?parent=8202"}],"wp:term":[{"taxonomy":"product_cat","embeddable":true,"href":"https:\/\/www.zoneconcept.ro\/index.php\/wp-json\/wp\/v2\/product_cat?post=8202"},{"taxonomy":"product_tag","embeddable":true,"href":"https:\/\/www.zoneconcept.ro\/index.php\/wp-json\/wp\/v2\/product_tag?post=8202"}],"curies":[{"name":"wp","href":"https:\/\/api.w.org\/{rel}","templated":true}]}}