{"id":8204,"date":"2023-02-17T13:47:31","date_gmt":"2023-02-17T13:47:31","guid":{"rendered":"https:\/\/www.zoneconcept.ro\/?post_type=product&#038;p=8204"},"modified":"2025-11-04T09:37:01","modified_gmt":"2025-11-04T09:37:01","slug":"milk_shake-direct-colour-yellow-2","status":"publish","type":"product","link":"https:\/\/www.zoneconcept.ro\/index.php\/produs\/milk_shake-direct-colour-yellow-2\/","title":{"rendered":"milk_shake Direct Colour Yellow"},"content":{"rendered":"","protected":false},"excerpt":{"rendered":"<p style=\"font-weight: 400;\">100 ml<\/p>\n<p style=\"font-weight: 400;\">Vopsea cosmetic\u0103 pentru color\u0103ri temporare, pentru utilizare acas\u0103 sau \u00een salon. Ideal\u0103 pentru corec\u021bii de culoare \u00eentre vopsiri sau pentru p\u0103r ce ridic\u0103 dificult\u0103\u021bi la colorare.<\/p>\n<p style=\"font-weight: 400;\">Produsul con\u021bine pigmen\u021bi de culoare de foarte bun\u0103 calitate. Este recomandat pentru a re\u00eemprosp\u0103ta nuan\u021ba natural\u0103 a p\u0103rului sau ob\u021binut\u0103 \u00een urma vopsirii, pentru a masca primele fire c\u0103runte sau pentru vopsiri temporare \u00een vederea alegerii ulterioare a unei nuan\u021be finale. Durata medie a rezultatului ob\u021binut se men\u021bine \u00eentre 8 \u0219i 10 sp\u0103l\u0103ri. Aceasta poate varia \u00een func\u021bie de structura sau porozitatea firului de p\u0103r, produsele de cur\u0103\u021bare folosite sau expunerea la agen\u021bi ce duc la decolorare (apa m\u0103rii, apa din piscin\u0103, etc). Recomand\u0103m folosirea ulterioar\u0103 a \u0219amponului \u0219i balsamului din linia <strong>milk_shake\u00ae<\/strong>\u00a0Color \u00a0Maintainer.<\/p>\n<p style=\"font-weight: 400;\">Utilizare:<\/p>\n<p style=\"font-weight: 400;\">Produsul se aplic\u0103 pe p\u0103rul proasp\u0103t sp\u0103lat, uscat cu prosopul \u0219i se las\u0103 s\u0103 ac\u021bioneze \u00eentre 5 \u0219i 30 de minute. Emulsiona\u021bi cu ap\u0103 \u0219i apoi cl\u0103ti\u021bi. \u00cen cazul \u00een care a\u021bi ob\u021binut o nou\u0103 mai intense dec\u00e2t cea dorit\u0103, pute\u021bi s\u0103-l sp\u0103la\u021bi cu un \u0219ampon cu formula delicat\u0103.<\/p>\n","protected":false},"featured_media":8207,"comment_status":"open","ping_status":"closed","template":"","meta":[],"product_cat":[28],"product_tag":[],"class_list":{"0":"post-8204","1":"product","2":"type-product","3":"status-publish","4":"has-post-thumbnail","6":"product_cat-tratamente","7":"has-post-title","8":"has-post-date","9":"has-post-category","10":"has-post-tag","11":"has-post-comment","12":"has-post-author","13":"","14":"fullcover","16":"first","17":"instock","18":"taxable","19":"shipping-taxable","20":"purchasable","21":"product-type-simple"},"builder_content":"","_links":{"self":[{"href":"https:\/\/www.zoneconcept.ro\/index.php\/wp-json\/wp\/v2\/product\/8204"}],"collection":[{"href":"https:\/\/www.zoneconcept.ro\/index.php\/wp-json\/wp\/v2\/product"}],"about":[{"href":"https:\/\/www.zoneconcept.ro\/index.php\/wp-json\/wp\/v2\/types\/product"}],"replies":[{"embeddable":true,"href":"https:\/\/www.zoneconcept.ro\/index.php\/wp-json\/wp\/v2\/comments?post=8204"}],"wp:featuredmedia":[{"embeddable":true,"href":"https:\/\/www.zoneconcept.ro\/index.php\/wp-json\/wp\/v2\/media\/8207"}],"wp:attachment":[{"href":"https:\/\/www.zoneconcept.ro\/index.php\/wp-json\/wp\/v2\/media?parent=8204"}],"wp:term":[{"taxonomy":"product_cat","embeddable":true,"href":"https:\/\/www.zoneconcept.ro\/index.php\/wp-json\/wp\/v2\/product_cat?post=8204"},{"taxonomy":"product_tag","embeddable":true,"href":"https:\/\/www.zoneconcept.ro\/index.php\/wp-json\/wp\/v2\/product_tag?post=8204"}],"curies":[{"name":"wp","href":"https:\/\/api.w.org\/{rel}","templated":true}]}}