{"id":8279,"date":"2023-04-03T12:05:47","date_gmt":"2023-04-03T12:05:47","guid":{"rendered":"https:\/\/www.zoneconcept.ro\/?post_type=product&#038;p=8279"},"modified":"2026-03-31T08:50:06","modified_gmt":"2026-03-31T08:50:06","slug":"make-my-day-conditioner","status":"publish","type":"product","link":"https:\/\/www.zoneconcept.ro\/index.php\/produs\/make-my-day-conditioner\/","title":{"rendered":"make my day conditioner"},"content":{"rendered":"<p><span style=\"color: #333333;\">250 ml<br \/>\nBalsam pentru p\u0103r foarte fin<\/span><\/p>\n<p>Cu o textur\u0103 cremoas\u0103 \u0219i un miros sublim, balsamul desc\u00e2lce\u0219te f\u0103r\u0103 a \u00eenc\u0103rca firul de p\u0103r. Se distribuie pe p\u0103rul proasp\u0103t sp\u0103lat \u0219i uscat cu prosopul, se las\u0103 s\u0103 ac\u021bioneze c\u00e2te minute apoi se cl\u0103te\u0219te.<\/p>\n<!--themify_builder_content-->\n<div id=\"themify_builder_content-8279\" data-postid=\"8279\" class=\"themify_builder_content themify_builder_content-8279 themify_builder tf_clear\">\n    <\/div>\n<!--\/themify_builder_content-->\n","protected":false},"excerpt":{"rendered":"<p>250 ml Balsam pentru p\u0103r foarte fin Cu o textur\u0103 cremoas\u0103 \u0219i un miros sublim, balsamul desc\u00e2lce\u0219te f\u0103r\u0103 a \u00eenc\u0103rca firul de p\u0103r. Se distribuie pe p\u0103rul proasp\u0103t sp\u0103lat \u0219i uscat cu prosopul, se las\u0103 s\u0103 ac\u021bioneze c\u00e2te minute apoi se cl\u0103te\u0219te.<\/p>\n","protected":false},"featured_media":8289,"comment_status":"open","ping_status":"closed","template":"","meta":[],"product_cat":[27],"product_tag":[],"class_list":{"0":"post-8279","1":"product","2":"type-product","3":"status-publish","4":"has-post-thumbnail","6":"product_cat-conditioner","7":"has-post-title","8":"has-post-date","9":"has-post-category","10":"has-post-tag","11":"has-post-comment","12":"has-post-author","13":"","14":"fullcover","16":"first","17":"instock","18":"taxable","19":"shipping-taxable","20":"purchasable","21":"product-type-simple"},"builder_content":"","_links":{"self":[{"href":"https:\/\/www.zoneconcept.ro\/index.php\/wp-json\/wp\/v2\/product\/8279"}],"collection":[{"href":"https:\/\/www.zoneconcept.ro\/index.php\/wp-json\/wp\/v2\/product"}],"about":[{"href":"https:\/\/www.zoneconcept.ro\/index.php\/wp-json\/wp\/v2\/types\/product"}],"replies":[{"embeddable":true,"href":"https:\/\/www.zoneconcept.ro\/index.php\/wp-json\/wp\/v2\/comments?post=8279"}],"wp:featuredmedia":[{"embeddable":true,"href":"https:\/\/www.zoneconcept.ro\/index.php\/wp-json\/wp\/v2\/media\/8289"}],"wp:attachment":[{"href":"https:\/\/www.zoneconcept.ro\/index.php\/wp-json\/wp\/v2\/media?parent=8279"}],"wp:term":[{"taxonomy":"product_cat","embeddable":true,"href":"https:\/\/www.zoneconcept.ro\/index.php\/wp-json\/wp\/v2\/product_cat?post=8279"},{"taxonomy":"product_tag","embeddable":true,"href":"https:\/\/www.zoneconcept.ro\/index.php\/wp-json\/wp\/v2\/product_tag?post=8279"}],"curies":[{"name":"wp","href":"https:\/\/api.w.org\/{rel}","templated":true}]}}