{"id":9246,"date":"2024-10-17T10:49:04","date_gmt":"2024-10-17T10:49:04","guid":{"rendered":"https:\/\/www.zoneconcept.ro\/?post_type=product&#038;p=9246"},"modified":"2025-04-30T11:15:40","modified_gmt":"2025-04-30T11:15:40","slug":"moisturemore-serum","status":"publish","type":"product","link":"https:\/\/www.zoneconcept.ro\/index.php\/produs\/moisturemore-serum\/","title":{"rendered":"moisture&#038;more serum"},"content":{"rendered":"","protected":false},"excerpt":{"rendered":"<p><b>100 ml<\/b><\/p>\n<p>Ser hidratant \u0219i iluminator pentru p\u0103rul uscat<\/p>\n<p>Hidrateaz\u0103 p\u0103rul \u00een profunzime \u0219i sigileaz\u0103 cuticulele pentru un luciu instantaneu. \u00cembog\u0103\u021bit cu acid hialuronic \u0219i extract de papaya organic\u0103, reface p\u0103rul \u0219i red\u0103 rapid hidratarea. Formulat cu niacinamid\u0103, care are un efect antioxidant \u0219i neteze\u0219te p\u0103rul p\u0103rului. Textura sa foarte fin\u0103 las\u0103 p\u0103rul u\u0219or \u0219i plin de vitalitate.<\/p>\n<p>Mod de utilizare:<\/p>\n<ol type=\"1\">\n<li>Aplica\u021bi o cantitate mic\u0103 de ser pe p\u0103rul uscat, folosind m\u00e2inile, \u0219i distribui\u021bi pe lungimi \u0219i v\u00e2rfuri.<\/li>\n<li>Nu cl\u0103ti\u021bi.<\/li>\n<\/ol>\n","protected":false},"featured_media":9247,"comment_status":"open","ping_status":"closed","template":"","meta":[],"product_cat":[28],"product_tag":[29],"class_list":{"0":"post-9246","1":"product","2":"type-product","3":"status-publish","4":"has-post-thumbnail","6":"product_cat-tratamente","7":"product_tag-milk_shake","8":"has-post-title","9":"has-post-date","10":"has-post-category","11":"has-post-tag","12":"has-post-comment","13":"has-post-author","14":"","15":"fullcover","17":"first","18":"instock","19":"taxable","20":"shipping-taxable","21":"purchasable","22":"product-type-simple"},"builder_content":"","_links":{"self":[{"href":"https:\/\/www.zoneconcept.ro\/index.php\/wp-json\/wp\/v2\/product\/9246"}],"collection":[{"href":"https:\/\/www.zoneconcept.ro\/index.php\/wp-json\/wp\/v2\/product"}],"about":[{"href":"https:\/\/www.zoneconcept.ro\/index.php\/wp-json\/wp\/v2\/types\/product"}],"replies":[{"embeddable":true,"href":"https:\/\/www.zoneconcept.ro\/index.php\/wp-json\/wp\/v2\/comments?post=9246"}],"wp:featuredmedia":[{"embeddable":true,"href":"https:\/\/www.zoneconcept.ro\/index.php\/wp-json\/wp\/v2\/media\/9247"}],"wp:attachment":[{"href":"https:\/\/www.zoneconcept.ro\/index.php\/wp-json\/wp\/v2\/media?parent=9246"}],"wp:term":[{"taxonomy":"product_cat","embeddable":true,"href":"https:\/\/www.zoneconcept.ro\/index.php\/wp-json\/wp\/v2\/product_cat?post=9246"},{"taxonomy":"product_tag","embeddable":true,"href":"https:\/\/www.zoneconcept.ro\/index.php\/wp-json\/wp\/v2\/product_tag?post=9246"}],"curies":[{"name":"wp","href":"https:\/\/api.w.org\/{rel}","templated":true}]}}