{"id":9354,"date":"2024-12-20T17:20:38","date_gmt":"2024-12-20T17:20:38","guid":{"rendered":"https:\/\/www.zoneconcept.ro\/?post_type=product&#038;p=9354"},"modified":"2026-02-03T13:37:32","modified_gmt":"2026-02-03T13:37:32","slug":"curl-passion-mask","status":"publish","type":"product","link":"https:\/\/www.zoneconcept.ro\/index.php\/produs\/curl-passion-mask\/","title":{"rendered":"curl passion mask"},"content":{"rendered":"","protected":false},"excerpt":{"rendered":"<p style=\"font-weight: 400;\">250 ml<\/p>\n<p style=\"font-weight: 400;\">Masc\u0103 pentru p\u0103r cre\u021b<\/p>\n<p style=\"font-weight: 400;\">Hr\u0103ne\u0219te \u0219i hidrateaz\u0103 p\u0103rul cre\u021b, reduc\u00e2nd efectul de frizz \u0219i ajut\u00e2nd la \u00eembun\u0103t\u0103\u021birea aspectului p\u0103rului. F\u0103r\u0103 parabeni.<\/p>\n<p style=\"font-weight: 400;\"><strong>Ingrediente active<\/strong><\/p>\n<p style=\"font-weight: 400;\">Proteine din lapte, proteine de quinoa, Integrity 41\u00ae, extract de l\u0103m\u00e2ie, extract de afine, extract de m\u0103r, ulei de pracaxi, ulei de baba\u00e7u.<\/p>\n<p style=\"font-weight: 400;\"><strong>Mod de utilizare<\/strong><\/p>\n<ul style=\"font-weight: 400;\">\n<li>Aplica\u021bi pe p\u0103rul curat \u0219i umed, piept\u0103na\u021bi pentru a distribui uniform.<\/li>\n<li>L\u0103sa\u021bi s\u0103 ac\u021bioneze timp de 5-10 minute.<\/li>\n<li>Cl\u0103ti\u021bi bine.<\/li>\n<\/ul>\n","protected":false},"featured_media":9355,"comment_status":"open","ping_status":"closed","template":"","meta":[],"product_cat":[28],"product_tag":[],"class_list":{"0":"post-9354","1":"product","2":"type-product","3":"status-publish","4":"has-post-thumbnail","6":"product_cat-tratamente","7":"has-post-title","8":"has-post-date","9":"has-post-category","10":"has-post-tag","11":"has-post-comment","12":"has-post-author","13":"","14":"fullcover","16":"first","17":"instock","18":"taxable","19":"shipping-taxable","20":"purchasable","21":"product-type-simple"},"builder_content":"","_links":{"self":[{"href":"https:\/\/www.zoneconcept.ro\/index.php\/wp-json\/wp\/v2\/product\/9354"}],"collection":[{"href":"https:\/\/www.zoneconcept.ro\/index.php\/wp-json\/wp\/v2\/product"}],"about":[{"href":"https:\/\/www.zoneconcept.ro\/index.php\/wp-json\/wp\/v2\/types\/product"}],"replies":[{"embeddable":true,"href":"https:\/\/www.zoneconcept.ro\/index.php\/wp-json\/wp\/v2\/comments?post=9354"}],"wp:featuredmedia":[{"embeddable":true,"href":"https:\/\/www.zoneconcept.ro\/index.php\/wp-json\/wp\/v2\/media\/9355"}],"wp:attachment":[{"href":"https:\/\/www.zoneconcept.ro\/index.php\/wp-json\/wp\/v2\/media?parent=9354"}],"wp:term":[{"taxonomy":"product_cat","embeddable":true,"href":"https:\/\/www.zoneconcept.ro\/index.php\/wp-json\/wp\/v2\/product_cat?post=9354"},{"taxonomy":"product_tag","embeddable":true,"href":"https:\/\/www.zoneconcept.ro\/index.php\/wp-json\/wp\/v2\/product_tag?post=9354"}],"curies":[{"name":"wp","href":"https:\/\/api.w.org\/{rel}","templated":true}]}}