{"id":9359,"date":"2024-12-20T17:34:33","date_gmt":"2024-12-20T17:34:33","guid":{"rendered":"https:\/\/www.zoneconcept.ro\/?post_type=product&#038;p=9359"},"modified":"2026-02-03T13:37:41","modified_gmt":"2026-02-03T13:37:41","slug":"curl-passion-defining-gel","status":"publish","type":"product","link":"https:\/\/www.zoneconcept.ro\/index.php\/produs\/curl-passion-defining-gel\/","title":{"rendered":"curl passion defining gel"},"content":{"rendered":"","protected":false},"excerpt":{"rendered":"<p style=\"font-weight: 400;\">200 ml<\/p>\n<p style=\"font-weight: 400;\">Gel Ultra-Definition<\/p>\n<p style=\"font-weight: 400;\">Ofer\u0103 fixare flexibil\u0103 pentru bucle definite, str\u0103lucitoare, cu mi\u0219care natural\u0103. Protejeaz\u0103 p\u0103rul \u00eempotriva umidit\u0103\u021bii, neteze\u0219te \u0219i sigileaz\u0103 cuticulele, elimin\u00e2nd efectul de frizz, pentru bucle suple \u0219i bine definite. Perfect pentru uscarea cu difuzor. F\u0103r\u0103 parabeni.<\/p>\n<p style=\"font-weight: 400;\"><strong>Ingrediente active<\/strong><\/p>\n<p style=\"font-weight: 400;\">Proteine din lapte, proteine de quinoa, Integrity 41\u00ae, extract de l\u0103m\u00e2ie, extract de afine, extract de m\u0103r, ulei de pracaxi, ulei de baba\u00e7u.<\/p>\n<p style=\"font-weight: 400;\"><strong>Mod de utilizare<\/strong><\/p>\n<ul style=\"font-weight: 400;\">\n<li>Aplica\u021bi pe p\u0103rul sp\u0103lat \u0219i uscat cu prosopul.<\/li>\n<li>Distribui\u021bi uniform cu m\u00e2inile.<\/li>\n<li>Coafa\u021bi dup\u0103 preferin\u021b\u0103.<\/li>\n<\/ul>\n","protected":false},"featured_media":9360,"comment_status":"open","ping_status":"closed","template":"","meta":[],"product_cat":[31],"product_tag":[],"class_list":{"0":"post-9359","1":"product","2":"type-product","3":"status-publish","4":"has-post-thumbnail","6":"product_cat-styling","7":"has-post-title","8":"has-post-date","9":"has-post-category","10":"has-post-tag","11":"has-post-comment","12":"has-post-author","13":"","14":"fullcover","16":"first","17":"instock","18":"taxable","19":"shipping-taxable","20":"purchasable","21":"product-type-simple"},"builder_content":"","_links":{"self":[{"href":"https:\/\/www.zoneconcept.ro\/index.php\/wp-json\/wp\/v2\/product\/9359"}],"collection":[{"href":"https:\/\/www.zoneconcept.ro\/index.php\/wp-json\/wp\/v2\/product"}],"about":[{"href":"https:\/\/www.zoneconcept.ro\/index.php\/wp-json\/wp\/v2\/types\/product"}],"replies":[{"embeddable":true,"href":"https:\/\/www.zoneconcept.ro\/index.php\/wp-json\/wp\/v2\/comments?post=9359"}],"wp:featuredmedia":[{"embeddable":true,"href":"https:\/\/www.zoneconcept.ro\/index.php\/wp-json\/wp\/v2\/media\/9360"}],"wp:attachment":[{"href":"https:\/\/www.zoneconcept.ro\/index.php\/wp-json\/wp\/v2\/media?parent=9359"}],"wp:term":[{"taxonomy":"product_cat","embeddable":true,"href":"https:\/\/www.zoneconcept.ro\/index.php\/wp-json\/wp\/v2\/product_cat?post=9359"},{"taxonomy":"product_tag","embeddable":true,"href":"https:\/\/www.zoneconcept.ro\/index.php\/wp-json\/wp\/v2\/product_tag?post=9359"}],"curies":[{"name":"wp","href":"https:\/\/api.w.org\/{rel}","templated":true}]}}