{"id":9361,"date":"2024-12-20T17:36:16","date_gmt":"2024-12-20T17:36:16","guid":{"rendered":"https:\/\/www.zoneconcept.ro\/?post_type=product&#038;p=9361"},"modified":"2026-03-31T12:03:25","modified_gmt":"2026-03-31T12:03:25","slug":"curl-passion-curl-shaper","status":"publish","type":"product","link":"https:\/\/www.zoneconcept.ro\/index.php\/produs\/curl-passion-curl-shaper\/","title":{"rendered":"curl passion curl shaper"},"content":{"rendered":"","protected":false},"excerpt":{"rendered":"<p style=\"font-weight: 400;\">200 ml<\/p>\n<p style=\"font-weight: 400;\">Ideal pentru crearea buclelor separate \u0219i bine definite. Accentueaz\u0103 forma natural\u0103 a buclelor \u0219i ofer\u0103 un aspect perfect pentru styling tip \u00a0valuri. Formula special\u0103 elimin\u0103 efectul de frizz \u0219i protejeaz\u0103 culoarea, l\u0103s\u00e2nd p\u0103rul str\u0103lucitor. F\u0103r\u0103 parabeni.<\/p>\n<p style=\"font-weight: 400;\"><strong>Ingrediente active<\/strong><\/p>\n<p style=\"font-weight: 400;\">Proteine din lapte, proteine de quinoa, Integrity 41\u00ae, extract de l\u0103m\u00e2ie, extract de afine, extract de m\u0103r, ulei de pracaxi, ulei de baba\u00e7u, ulei de jojoba, extract de castan.<\/p>\n<p style=\"font-weight: 400;\"><strong>Mod de utilizare<\/strong><\/p>\n<ul style=\"font-weight: 400;\">\n<li>Aplica\u021bi pe p\u0103rul uscat cu prosopul.<\/li>\n<li>Coafa\u021bi dup\u0103 preferin\u021b\u0103.<\/li>\n<\/ul>\n","protected":false},"featured_media":9362,"comment_status":"open","ping_status":"closed","template":"","meta":[],"product_cat":[31],"product_tag":[],"class_list":{"0":"post-9361","1":"product","2":"type-product","3":"status-publish","4":"has-post-thumbnail","6":"product_cat-styling","7":"has-post-title","8":"has-post-date","9":"has-post-category","10":"has-post-tag","11":"has-post-comment","12":"has-post-author","13":"","14":"fullcover","16":"first","17":"instock","18":"taxable","19":"shipping-taxable","20":"purchasable","21":"product-type-simple"},"builder_content":"","_links":{"self":[{"href":"https:\/\/www.zoneconcept.ro\/index.php\/wp-json\/wp\/v2\/product\/9361"}],"collection":[{"href":"https:\/\/www.zoneconcept.ro\/index.php\/wp-json\/wp\/v2\/product"}],"about":[{"href":"https:\/\/www.zoneconcept.ro\/index.php\/wp-json\/wp\/v2\/types\/product"}],"replies":[{"embeddable":true,"href":"https:\/\/www.zoneconcept.ro\/index.php\/wp-json\/wp\/v2\/comments?post=9361"}],"wp:featuredmedia":[{"embeddable":true,"href":"https:\/\/www.zoneconcept.ro\/index.php\/wp-json\/wp\/v2\/media\/9362"}],"wp:attachment":[{"href":"https:\/\/www.zoneconcept.ro\/index.php\/wp-json\/wp\/v2\/media?parent=9361"}],"wp:term":[{"taxonomy":"product_cat","embeddable":true,"href":"https:\/\/www.zoneconcept.ro\/index.php\/wp-json\/wp\/v2\/product_cat?post=9361"},{"taxonomy":"product_tag","embeddable":true,"href":"https:\/\/www.zoneconcept.ro\/index.php\/wp-json\/wp\/v2\/product_tag?post=9361"}],"curies":[{"name":"wp","href":"https:\/\/api.w.org\/{rel}","templated":true}]}}