{"id":9616,"date":"2025-05-07T08:08:31","date_gmt":"2025-05-07T08:08:31","guid":{"rendered":"https:\/\/www.zoneconcept.ro\/?post_type=product&#038;p=9616"},"modified":"2026-03-31T08:45:28","modified_gmt":"2026-03-31T08:45:28","slug":"milk-shake-instalight-shampoo","status":"publish","type":"product","link":"https:\/\/www.zoneconcept.ro\/index.php\/produs\/milk-shake-instalight-shampoo\/","title":{"rendered":"insta.light shampoo 1000 ml"},"content":{"rendered":"<div>\u00a01000 ml<\/div>\n<div>\n<div class=\"woocommerce-product-details__short-description\">\n<div class=\"product-description\">\n<h2>\u0219ampon de netezire cu efect de filler, pentru toate tipurile de p\u0103r<\/h2>\n<p>\u0218ampon cu ac\u021biune de cur\u0103\u021bare delicat\u0103, face p\u0103rul u\u0219or de coafat \u0219i \u00eei confer\u0103 str\u0103lucire \u0219i un aspect m\u0103t\u0103sos. Con\u021bine proteine din lapte, acid hialuronic, extracte de l\u0103m\u00e2ie \u0219i afine. Are efect de filler, cu rezultat imediat de revigorare a p\u0103rului. Pentru un tratament complet de laminare, dup\u0103 sp\u0103lare se va folosi masca lichid\u0103 insta.lotion.<\/p>\n<\/div>\n<\/div>\n<\/div>\n","protected":false},"excerpt":{"rendered":"<p>\u00a01000 ml \u0219ampon de netezire cu efect de filler, pentru toate tipurile de p\u0103r \u0218ampon cu ac\u021biune de cur\u0103\u021bare delicat\u0103, face p\u0103rul u\u0219or de coafat \u0219i \u00eei confer\u0103 str\u0103lucire \u0219i un aspect m\u0103t\u0103sos. Con\u021bine proteine din lapte, acid hialuronic, extracte de l\u0103m\u00e2ie \u0219i afine. Are efect de filler, cu rezultat imediat de revigorare a p\u0103rului. [&hellip;]<\/p>\n","protected":false},"featured_media":9617,"comment_status":"open","ping_status":"closed","template":"","meta":[],"product_cat":[26],"product_tag":[],"class_list":{"0":"post-9616","1":"product","2":"type-product","3":"status-publish","4":"has-post-thumbnail","6":"product_cat-shampoo","7":"has-post-title","8":"has-post-date","9":"has-post-category","10":"has-post-tag","11":"has-post-comment","12":"has-post-author","13":"","14":"fullcover","16":"first","17":"instock","18":"taxable","19":"shipping-taxable","20":"purchasable","21":"product-type-simple"},"builder_content":"","_links":{"self":[{"href":"https:\/\/www.zoneconcept.ro\/index.php\/wp-json\/wp\/v2\/product\/9616"}],"collection":[{"href":"https:\/\/www.zoneconcept.ro\/index.php\/wp-json\/wp\/v2\/product"}],"about":[{"href":"https:\/\/www.zoneconcept.ro\/index.php\/wp-json\/wp\/v2\/types\/product"}],"replies":[{"embeddable":true,"href":"https:\/\/www.zoneconcept.ro\/index.php\/wp-json\/wp\/v2\/comments?post=9616"}],"wp:featuredmedia":[{"embeddable":true,"href":"https:\/\/www.zoneconcept.ro\/index.php\/wp-json\/wp\/v2\/media\/9617"}],"wp:attachment":[{"href":"https:\/\/www.zoneconcept.ro\/index.php\/wp-json\/wp\/v2\/media?parent=9616"}],"wp:term":[{"taxonomy":"product_cat","embeddable":true,"href":"https:\/\/www.zoneconcept.ro\/index.php\/wp-json\/wp\/v2\/product_cat?post=9616"},{"taxonomy":"product_tag","embeddable":true,"href":"https:\/\/www.zoneconcept.ro\/index.php\/wp-json\/wp\/v2\/product_tag?post=9616"}],"curies":[{"name":"wp","href":"https:\/\/api.w.org\/{rel}","templated":true}]}}