{"id":9618,"date":"2025-05-07T08:10:40","date_gmt":"2025-05-07T08:10:40","guid":{"rendered":"https:\/\/www.zoneconcept.ro\/?post_type=product&#038;p=9618"},"modified":"2026-03-31T08:50:35","modified_gmt":"2026-03-31T08:50:35","slug":"milk-shake-make-my-day-shampoo","status":"publish","type":"product","link":"https:\/\/www.zoneconcept.ro\/index.php\/produs\/milk-shake-make-my-day-shampoo\/","title":{"rendered":"make my day shampoo 1000 ml"},"content":{"rendered":"","protected":false},"excerpt":{"rendered":"<p>1000 ml<br \/>\n\u0219ampon pentru p\u0103r foarte fin<\/p>\n<p>\u0218ampon delicat, cu un miros sublim, pentru un p\u0103r moale \u0219i m\u0103t\u0103sos. Textura cremoas\u0103 \u00eel face perfect pentru orice tip de p\u0103r, protej\u00e2nd pelicula ce \u00eembrac\u0103 firul de p\u0103r.<br \/>\nIngrediente active: proteine din lapte, extracte de goji, c\u0103p\u0219uni \u0219i mure.<br \/>\nSe distribuie uniform pe p\u0103rul ud, mas\u00e2nd, apoi se cl\u0103te\u0219te.<\/p>\n","protected":false},"featured_media":9619,"comment_status":"open","ping_status":"closed","template":"","meta":[],"product_cat":[26],"product_tag":[],"class_list":{"0":"post-9618","1":"product","2":"type-product","3":"status-publish","4":"has-post-thumbnail","6":"product_cat-shampoo","7":"has-post-title","8":"has-post-date","9":"has-post-category","10":"has-post-tag","11":"has-post-comment","12":"has-post-author","13":"","14":"fullcover","16":"first","17":"instock","18":"taxable","19":"shipping-taxable","20":"purchasable","21":"product-type-simple"},"builder_content":"","_links":{"self":[{"href":"https:\/\/www.zoneconcept.ro\/index.php\/wp-json\/wp\/v2\/product\/9618"}],"collection":[{"href":"https:\/\/www.zoneconcept.ro\/index.php\/wp-json\/wp\/v2\/product"}],"about":[{"href":"https:\/\/www.zoneconcept.ro\/index.php\/wp-json\/wp\/v2\/types\/product"}],"replies":[{"embeddable":true,"href":"https:\/\/www.zoneconcept.ro\/index.php\/wp-json\/wp\/v2\/comments?post=9618"}],"wp:featuredmedia":[{"embeddable":true,"href":"https:\/\/www.zoneconcept.ro\/index.php\/wp-json\/wp\/v2\/media\/9619"}],"wp:attachment":[{"href":"https:\/\/www.zoneconcept.ro\/index.php\/wp-json\/wp\/v2\/media?parent=9618"}],"wp:term":[{"taxonomy":"product_cat","embeddable":true,"href":"https:\/\/www.zoneconcept.ro\/index.php\/wp-json\/wp\/v2\/product_cat?post=9618"},{"taxonomy":"product_tag","embeddable":true,"href":"https:\/\/www.zoneconcept.ro\/index.php\/wp-json\/wp\/v2\/product_tag?post=9618"}],"curies":[{"name":"wp","href":"https:\/\/api.w.org\/{rel}","templated":true}]}}