{"id":9624,"date":"2025-05-07T08:20:17","date_gmt":"2025-05-07T08:20:17","guid":{"rendered":"https:\/\/www.zoneconcept.ro\/?post_type=product&#038;p=9624"},"modified":"2026-03-31T08:56:36","modified_gmt":"2026-03-31T08:56:36","slug":"msh-curl-passion-conditioner","status":"publish","type":"product","link":"https:\/\/www.zoneconcept.ro\/index.php\/produs\/msh-curl-passion-conditioner\/","title":{"rendered":"curl passion conditioner 1000 ml"},"content":{"rendered":"","protected":false},"excerpt":{"rendered":"<p>CURL PASSION CONDITIONER, 1000 ml<\/p>\n<p>Balsam pentru p\u0103rul cre\u021b<\/p>\n<p>Ideal pentru p\u0103rul cre\u021b, acest balsam las\u0103 p\u0103rul catifelat \u0219i u\u0219or de coafat, f\u0103r\u0103 a-l \u00eenc\u0103rca. Ajut\u0103 \u00een formarea buclelor s\u0103lt\u0103re\u021be, flexibile \u0219i de lung\u0103 durat\u0103. Con\u021bine ulei organic de pracaxi \u0219i babassu, proteine din lapte, extracte de fructe, Integrity 41\u00ae \u0219i proteine de quinoa.<\/p>\n<p><b>Utilizare:<\/b> aplica\u021bi produsul pe p\u0103rul curat \u0219i umed, l\u0103sa\u021bi-l s\u0103 ac\u021bioneze c\u00e2teva minute, dup\u0103 care cl\u0103ti\u021bi. Continua\u021bi cu spray-ul leave-in milk_shake\u00ae pentru p\u0103rul cre\u021b.<\/p>\n<p><b>INGREDIENTE ACTIVE:<\/b> filtru UV, Integrity 41\u00ae, unt de shea, proteine din lapte, extract de l\u0103m\u00e2ie, panthenol, proteine de quinoa, vitamina E, derivat de vitamina E, extract organic de m\u0103r, extract organic de afine, ulei organic de babassu, ulei organic de pracaxi.<\/p>\n","protected":false},"featured_media":9625,"comment_status":"open","ping_status":"closed","template":"","meta":[],"product_cat":[27],"product_tag":[],"class_list":{"0":"post-9624","1":"product","2":"type-product","3":"status-publish","4":"has-post-thumbnail","6":"product_cat-conditioner","7":"has-post-title","8":"has-post-date","9":"has-post-category","10":"has-post-tag","11":"has-post-comment","12":"has-post-author","13":"","14":"fullcover","16":"first","17":"instock","18":"taxable","19":"shipping-taxable","20":"purchasable","21":"product-type-simple"},"builder_content":"","_links":{"self":[{"href":"https:\/\/www.zoneconcept.ro\/index.php\/wp-json\/wp\/v2\/product\/9624"}],"collection":[{"href":"https:\/\/www.zoneconcept.ro\/index.php\/wp-json\/wp\/v2\/product"}],"about":[{"href":"https:\/\/www.zoneconcept.ro\/index.php\/wp-json\/wp\/v2\/types\/product"}],"replies":[{"embeddable":true,"href":"https:\/\/www.zoneconcept.ro\/index.php\/wp-json\/wp\/v2\/comments?post=9624"}],"wp:featuredmedia":[{"embeddable":true,"href":"https:\/\/www.zoneconcept.ro\/index.php\/wp-json\/wp\/v2\/media\/9625"}],"wp:attachment":[{"href":"https:\/\/www.zoneconcept.ro\/index.php\/wp-json\/wp\/v2\/media?parent=9624"}],"wp:term":[{"taxonomy":"product_cat","embeddable":true,"href":"https:\/\/www.zoneconcept.ro\/index.php\/wp-json\/wp\/v2\/product_cat?post=9624"},{"taxonomy":"product_tag","embeddable":true,"href":"https:\/\/www.zoneconcept.ro\/index.php\/wp-json\/wp\/v2\/product_tag?post=9624"}],"curies":[{"name":"wp","href":"https:\/\/api.w.org\/{rel}","templated":true}]}}