{"id":9626,"date":"2025-05-07T08:24:01","date_gmt":"2025-05-07T08:24:01","guid":{"rendered":"https:\/\/www.zoneconcept.ro\/?post_type=product&#038;p=9626"},"modified":"2026-03-31T11:28:47","modified_gmt":"2026-03-31T11:28:47","slug":"cold-brunette-toning-spray","status":"publish","type":"product","link":"https:\/\/www.zoneconcept.ro\/index.php\/produs\/cold-brunette-toning-spray\/","title":{"rendered":"cold brunette toning spray"},"content":{"rendered":"","protected":false},"excerpt":{"rendered":"<p style=\"font-weight: 400;\"><strong>100 ml<\/strong><\/p>\n<p style=\"font-weight: 400;\">Spray de tonifiere pentru p\u0103rul \u0219aten<\/p>\n<p style=\"font-weight: 400;\">Formulat cu un pigment albastru special care neutralizeaz\u0103 tonurile calde, ro\u0219iatice sau portocalii din p\u0103rul \u0219aten. \u00cent\u0103re\u0219te \u0219i hidrateaz\u0103 p\u0103rul, oferindu-i un aspect s\u0103n\u0103tos.<\/p>\n<p style=\"font-weight: 400;\"><strong>Ingrediente active<\/strong><br \/>\nproteine din lapte \u2022 ulei de orez \u2022 ulei de moringa<\/p>\n<p style=\"font-weight: 400;\"><strong>Mod de utilizare<\/strong><\/p>\n<ul style=\"font-weight: 400;\">\n<li>Agita\u021bi bine \u0219i pulveriza\u021bi uniform pe p\u0103rul curat \u0219i umed de la o distan\u021b\u0103 de aproximativ 10\u201315 cm.<\/li>\n<li>Piept\u0103na\u021bi \u0219i continua\u021bi cu uscarea.<\/li>\n<li>Pentru re\u00eemprosp\u0103tare zilnic\u0103, pulveriza\u021bi pe p\u0103rul uscat de la o distan\u021b\u0103 de aproximativ 30 cm.<\/li>\n<\/ul>\n","protected":false},"featured_media":9928,"comment_status":"open","ping_status":"closed","template":"","meta":[],"product_cat":[28],"product_tag":[],"class_list":{"0":"post-9626","1":"product","2":"type-product","3":"status-publish","4":"has-post-thumbnail","6":"product_cat-tratamente","7":"has-post-title","8":"has-post-date","9":"has-post-category","10":"has-post-tag","11":"has-post-comment","12":"has-post-author","13":"","14":"fullcover","16":"first","17":"instock","18":"taxable","19":"shipping-taxable","20":"purchasable","21":"product-type-simple"},"builder_content":"","_links":{"self":[{"href":"https:\/\/www.zoneconcept.ro\/index.php\/wp-json\/wp\/v2\/product\/9626"}],"collection":[{"href":"https:\/\/www.zoneconcept.ro\/index.php\/wp-json\/wp\/v2\/product"}],"about":[{"href":"https:\/\/www.zoneconcept.ro\/index.php\/wp-json\/wp\/v2\/types\/product"}],"replies":[{"embeddable":true,"href":"https:\/\/www.zoneconcept.ro\/index.php\/wp-json\/wp\/v2\/comments?post=9626"}],"wp:featuredmedia":[{"embeddable":true,"href":"https:\/\/www.zoneconcept.ro\/index.php\/wp-json\/wp\/v2\/media\/9928"}],"wp:attachment":[{"href":"https:\/\/www.zoneconcept.ro\/index.php\/wp-json\/wp\/v2\/media?parent=9626"}],"wp:term":[{"taxonomy":"product_cat","embeddable":true,"href":"https:\/\/www.zoneconcept.ro\/index.php\/wp-json\/wp\/v2\/product_cat?post=9626"},{"taxonomy":"product_tag","embeddable":true,"href":"https:\/\/www.zoneconcept.ro\/index.php\/wp-json\/wp\/v2\/product_tag?post=9626"}],"curies":[{"name":"wp","href":"https:\/\/api.w.org\/{rel}","templated":true}]}}