{"id":9637,"date":"2025-05-07T08:37:46","date_gmt":"2025-05-07T08:37:46","guid":{"rendered":"https:\/\/www.zoneconcept.ro\/?post_type=product&#038;p=9637"},"modified":"2026-03-31T09:05:31","modified_gmt":"2026-03-31T09:05:31","slug":"silver-shine-toning-spray","status":"publish","type":"product","link":"https:\/\/www.zoneconcept.ro\/index.php\/produs\/silver-shine-toning-spray\/","title":{"rendered":"silver shine toning spray"},"content":{"rendered":"","protected":false},"excerpt":{"rendered":"<p style=\"font-weight: 400;\">100 ml<\/p>\n<p style=\"font-weight: 400;\"><strong>Un<\/strong> produs de \u00eentre\u021binere pentru parul blond, c\u0103runt sau alb, care combate eficient nuan\u021bele nedorite de galben si portocaliu l\u0103s\u00e2nd o reflexie gri, ad\u0103ug\u00e2nd profunzime si complexitate culorii parului. Dup\u0103 utilizare, parul devine mai u\u0219or de \u00eengrijit, este mai s\u0103n\u0103tos si mai luminos..<\/p>\n<ul>\n<li><strong>Mod de folosire:<\/strong> Se agita bine \u00eenainte de utilizare, se aplica uniform pe parul proasp\u0103t sp\u0103lat si uscat cu prosopul de la o distanta de 10-15 cm, se piaptan\u0103 pentru a se distribui uniform produsul, apoi se usuc\u0103 si coafeaz\u0103. Se poate pulveriza si pe p\u0103rul uscat de la distanta de 30 cm pentru un retu\u0219 zilnic.<\/li>\n<\/ul>\n","protected":false},"featured_media":9638,"comment_status":"open","ping_status":"closed","template":"","meta":[],"product_cat":[28],"product_tag":[],"class_list":{"0":"post-9637","1":"product","2":"type-product","3":"status-publish","4":"has-post-thumbnail","6":"product_cat-tratamente","7":"has-post-title","8":"has-post-date","9":"has-post-category","10":"has-post-tag","11":"has-post-comment","12":"has-post-author","13":"","14":"fullcover","16":"first","17":"instock","18":"taxable","19":"shipping-taxable","20":"purchasable","21":"product-type-simple"},"builder_content":"","_links":{"self":[{"href":"https:\/\/www.zoneconcept.ro\/index.php\/wp-json\/wp\/v2\/product\/9637"}],"collection":[{"href":"https:\/\/www.zoneconcept.ro\/index.php\/wp-json\/wp\/v2\/product"}],"about":[{"href":"https:\/\/www.zoneconcept.ro\/index.php\/wp-json\/wp\/v2\/types\/product"}],"replies":[{"embeddable":true,"href":"https:\/\/www.zoneconcept.ro\/index.php\/wp-json\/wp\/v2\/comments?post=9637"}],"wp:featuredmedia":[{"embeddable":true,"href":"https:\/\/www.zoneconcept.ro\/index.php\/wp-json\/wp\/v2\/media\/9638"}],"wp:attachment":[{"href":"https:\/\/www.zoneconcept.ro\/index.php\/wp-json\/wp\/v2\/media?parent=9637"}],"wp:term":[{"taxonomy":"product_cat","embeddable":true,"href":"https:\/\/www.zoneconcept.ro\/index.php\/wp-json\/wp\/v2\/product_cat?post=9637"},{"taxonomy":"product_tag","embeddable":true,"href":"https:\/\/www.zoneconcept.ro\/index.php\/wp-json\/wp\/v2\/product_tag?post=9637"}],"curies":[{"name":"wp","href":"https:\/\/api.w.org\/{rel}","templated":true}]}}