{"id":9724,"date":"2025-07-07T09:15:59","date_gmt":"2025-07-07T09:15:59","guid":{"rendered":"https:\/\/www.zoneconcept.ro\/?post_type=product&#038;p=9724"},"modified":"2026-03-31T11:36:56","modified_gmt":"2026-03-31T11:36:56","slug":"no-frizz-allowed-spray-anti-umiditate","status":"publish","type":"product","link":"https:\/\/www.zoneconcept.ro\/index.php\/produs\/no-frizz-allowed-spray-anti-umiditate\/","title":{"rendered":"No Frizz Allowed \u00a0spray anti-umiditate"},"content":{"rendered":"","protected":false},"excerpt":{"rendered":"<p style=\"font-weight: 400;\"><strong>200 ml<\/strong><\/p>\n<p style=\"font-weight: 400;\">Elimin\u0103 electrizarea o dat\u0103 pentru totdeauna, f\u0103r\u0103 s\u0103 lase reziduuri sau s\u0103 \u00eengra\u0219e p\u0103rul. Polimerii de ultim\u0103 genera\u021bie se activeaz\u0103 la c\u0103ldur\u0103 \u0219i formeaz\u0103 o pelicul\u0103 \u00een jurul firului de p\u0103r, protej\u00e2ndu-l \u0219i f\u0103c\u00e2ndu-l complet impermeabil. Perfect ca termo-protector \u0219i pentru a fixa coafura, prelungindu-i rezisten\u021ba.<\/p>\n<p style=\"font-weight: 400;\"><strong>Ingrediente active<\/strong><br \/>\nProteine din lapte, prune Kakadu.<\/p>\n<p style=\"font-weight: 400;\"><strong>Mod de utilizare<\/strong><\/p>\n<ul style=\"font-weight: 400;\">\n<li>Pulveriza\u021bi generos \u0219i uniform pe p\u0103rul proasp\u0103t sp\u0103lat, tamponat cu prosopul.<\/li>\n<li>Piept\u0103na\u021bi \u0219i coafa\u021bi dup\u0103 preferin\u021be.<\/li>\n<\/ul>\n","protected":false},"featured_media":9726,"comment_status":"open","ping_status":"closed","template":"","meta":[],"product_cat":[31],"product_tag":[29],"class_list":{"0":"post-9724","1":"product","2":"type-product","3":"status-publish","4":"has-post-thumbnail","6":"product_cat-styling","7":"product_tag-milk_shake","8":"has-post-title","9":"has-post-date","10":"has-post-category","11":"has-post-tag","12":"has-post-comment","13":"has-post-author","14":"","15":"fullcover","17":"first","18":"instock","19":"taxable","20":"shipping-taxable","21":"purchasable","22":"product-type-simple"},"builder_content":"","_links":{"self":[{"href":"https:\/\/www.zoneconcept.ro\/index.php\/wp-json\/wp\/v2\/product\/9724"}],"collection":[{"href":"https:\/\/www.zoneconcept.ro\/index.php\/wp-json\/wp\/v2\/product"}],"about":[{"href":"https:\/\/www.zoneconcept.ro\/index.php\/wp-json\/wp\/v2\/types\/product"}],"replies":[{"embeddable":true,"href":"https:\/\/www.zoneconcept.ro\/index.php\/wp-json\/wp\/v2\/comments?post=9724"}],"wp:featuredmedia":[{"embeddable":true,"href":"https:\/\/www.zoneconcept.ro\/index.php\/wp-json\/wp\/v2\/media\/9726"}],"wp:attachment":[{"href":"https:\/\/www.zoneconcept.ro\/index.php\/wp-json\/wp\/v2\/media?parent=9724"}],"wp:term":[{"taxonomy":"product_cat","embeddable":true,"href":"https:\/\/www.zoneconcept.ro\/index.php\/wp-json\/wp\/v2\/product_cat?post=9724"},{"taxonomy":"product_tag","embeddable":true,"href":"https:\/\/www.zoneconcept.ro\/index.php\/wp-json\/wp\/v2\/product_tag?post=9724"}],"curies":[{"name":"wp","href":"https:\/\/api.w.org\/{rel}","templated":true}]}}