{"id":9729,"date":"2025-07-07T09:21:55","date_gmt":"2025-07-07T09:21:55","guid":{"rendered":"https:\/\/www.zoneconcept.ro\/?post_type=product&#038;p=9729"},"modified":"2026-03-31T11:34:37","modified_gmt":"2026-03-31T11:34:37","slug":"no-frizz-allowed-glistening-rich-serum","status":"publish","type":"product","link":"https:\/\/www.zoneconcept.ro\/index.php\/produs\/no-frizz-allowed-glistening-rich-serum\/","title":{"rendered":"No Frizz Allowed glistening rich serum"},"content":{"rendered":"","protected":false},"excerpt":{"rendered":"<p style=\"font-weight: 400;\">100 ml<\/p>\n<p style=\"font-weight: 400;\">Serum anti-frizz iluminator pentru p\u0103rul des<\/p>\n<p style=\"font-weight: 400;\">Un plus de str\u0103lucire instantanee! Elimin\u0103 electrizarea p\u0103rului des \u0219i \u00eel face imediat mai moale \u0219i mai suplu. Formula con\u021bine un amestec premium de uleiuri (macadamia, maracuja) ce hr\u0103nesc \u0219i hidrateaz\u0103 p\u0103rul \u00een profunzime.<\/p>\n<p style=\"font-weight: 400;\"><strong>Ingrediente active<\/strong><br \/>\nProteine din lapte, prune Kakadu.<\/p>\n<p style=\"font-weight: 400;\"><strong>Mod de utilizare<\/strong><\/p>\n<ul style=\"font-weight: 400;\">\n<li><strong>Ca produs de pre-styling<\/strong>: aplica\u021bi uniform pe p\u0103rul curat, tamponat cu prosopul, \u0219i piept\u0103na\u021bi pentru a distribui produsul. Nu cl\u0103ti\u021bi \u0219i continua\u021bi cu coafarea.<\/li>\n<li><strong>Ca produs de finisare<\/strong>: aplica\u021bi pe m\u00e2ini \u0219i distribui\u021bi uniform pe lungimi \u0219i v\u00e2rfuri.<\/li>\n<\/ul>\n","protected":false},"featured_media":9730,"comment_status":"open","ping_status":"closed","template":"","meta":[],"product_cat":[31],"product_tag":[],"class_list":{"0":"post-9729","1":"product","2":"type-product","3":"status-publish","4":"has-post-thumbnail","6":"product_cat-styling","7":"has-post-title","8":"has-post-date","9":"has-post-category","10":"has-post-tag","11":"has-post-comment","12":"has-post-author","13":"","14":"fullcover","16":"first","17":"instock","18":"taxable","19":"shipping-taxable","20":"purchasable","21":"product-type-simple"},"builder_content":"","_links":{"self":[{"href":"https:\/\/www.zoneconcept.ro\/index.php\/wp-json\/wp\/v2\/product\/9729"}],"collection":[{"href":"https:\/\/www.zoneconcept.ro\/index.php\/wp-json\/wp\/v2\/product"}],"about":[{"href":"https:\/\/www.zoneconcept.ro\/index.php\/wp-json\/wp\/v2\/types\/product"}],"replies":[{"embeddable":true,"href":"https:\/\/www.zoneconcept.ro\/index.php\/wp-json\/wp\/v2\/comments?post=9729"}],"wp:featuredmedia":[{"embeddable":true,"href":"https:\/\/www.zoneconcept.ro\/index.php\/wp-json\/wp\/v2\/media\/9730"}],"wp:attachment":[{"href":"https:\/\/www.zoneconcept.ro\/index.php\/wp-json\/wp\/v2\/media?parent=9729"}],"wp:term":[{"taxonomy":"product_cat","embeddable":true,"href":"https:\/\/www.zoneconcept.ro\/index.php\/wp-json\/wp\/v2\/product_cat?post=9729"},{"taxonomy":"product_tag","embeddable":true,"href":"https:\/\/www.zoneconcept.ro\/index.php\/wp-json\/wp\/v2\/product_tag?post=9729"}],"curies":[{"name":"wp","href":"https:\/\/api.w.org\/{rel}","templated":true}]}}